{"id":289325,"date":"2024-03-28T09:43:51","date_gmt":"2024-03-28T12:43:51","guid":{"rendered":"https:\/\/www.livrariarema.com.br\/loja\/produtos\/sem%20categoria\/spurgeon-e-os-salmos-capa-dura-azul\/"},"modified":"2026-02-24T12:23:52","modified_gmt":"2026-02-24T15:23:52","slug":"spurgeon-e-os-salmos-capa-dura-azul","status":"publish","type":"product","link":"https:\/\/www.livrariarema.com.br\/loja\/produtos\/livros\/devocional\/spurgeon-e-os-salmos-capa-dura-azul\/","title":{"rendered":"Spurgeon E Os Salmos &#8211; Capa Dura &#8211; Azul"},"content":{"rendered":"<p>COMECE O DIA NA COMPANHIA DO PR\u00cdNCIPE DOS PREGADORES<\/p>\n<p>Este livro \u00e9 um devocional que conduzir\u00e1 voc\u00ea na leitura de todo o livro de Salmos com medita\u00e7\u00f5es escritas pelo renomado autor Charles Spurgeon, conhecido como o &#8220;pr\u00edncipe dos pregadores&#8221;. Com esta obra, voc\u00ea ter\u00e1 a oportunidade de desenvolver uma nova perspectiva sobre os Salmos &#8211; um livro repleto de encorajamento que demonstra a bondade de Deus e testemunha de seu profundo amor. A leitura dos Salmos, acompanhados pelas reflex\u00f5es de Spurgeon (retiradas do cl\u00e1ssico O tesouro de Davi), certamente tornar\u00e1 seus dias mais frut\u00edferos e sua f\u00e9, mais pr\u00f3spera.<\/p>\n<p>CARACTER\u00cdSTICAS:<br \/>\nReflex\u00f5es de Spurgeon introduzindo cada salmo;<br \/>\nO livro de Salmos na integra na cl\u00e1ssica vers\u00e3o Almeida Corrigida e Fiel;<br \/>\nEspa\u00e7o para anota\u00e7\u00f5es para que voc\u00ea registre suas medita\u00e7\u00f5es;<br \/>\nA exclusiva Fonte Leitura Perfeita, que proporciona maior conforto na leitura;<br \/>\nUm fitilho colorido, que facilita o manuseio do livro;<br \/>\nMiolo em duas cores;<br \/>\nPapel amarelado;<br \/>\nCapa dura com detalhes em dourado.<\/p>\n","protected":false},"excerpt":{"rendered":"<p>COMECE O DIA NA COMPANHIA DO PR\u00cdNCIPE DOS PREGADORES Este livro \u00e9 um devocional que conduzir\u00e1 voc\u00ea na leitura de&hellip;<\/p>\n","protected":false},"featured_media":345313,"comment_status":"open","ping_status":"closed","template":"","meta":[],"product_cat":[158,134],"product_tag":[],"_links":{"self":[{"href":"https:\/\/www.livrariarema.com.br\/loja\/wp-json\/wp\/v2\/product\/289325"}],"collection":[{"href":"https:\/\/www.livrariarema.com.br\/loja\/wp-json\/wp\/v2\/product"}],"about":[{"href":"https:\/\/www.livrariarema.com.br\/loja\/wp-json\/wp\/v2\/types\/product"}],"replies":[{"embeddable":true,"href":"https:\/\/www.livrariarema.com.br\/loja\/wp-json\/wp\/v2\/comments?post=289325"}],"wp:featuredmedia":[{"embeddable":true,"href":"https:\/\/www.livrariarema.com.br\/loja\/wp-json\/wp\/v2\/media\/345313"}],"wp:attachment":[{"href":"https:\/\/www.livrariarema.com.br\/loja\/wp-json\/wp\/v2\/media?parent=289325"}],"wp:term":[{"taxonomy":"product_cat","embeddable":true,"href":"https:\/\/www.livrariarema.com.br\/loja\/wp-json\/wp\/v2\/product_cat?post=289325"},{"taxonomy":"product_tag","embeddable":true,"href":"https:\/\/www.livrariarema.com.br\/loja\/wp-json\/wp\/v2\/product_tag?post=289325"}],"curies":[{"name":"wp","href":"https:\/\/api.w.org\/{rel}","templated":true}]}}