{"id":289562,"date":"2024-03-28T10:02:58","date_gmt":"2024-03-28T13:02:58","guid":{"rendered":"https:\/\/www.livrariarema.com.br\/loja\/produtos\/sem categoria\/biblia-da-mulher-de-fe-nvi-sheila-walsh-flores\/"},"modified":"2026-04-30T12:07:47","modified_gmt":"2026-04-30T15:07:47","slug":"biblia-da-mulher-de-fe-nvi-sheila-walsh-flores","status":"publish","type":"product","link":"https:\/\/www.livrariarema.com.br\/loja\/produtos\/biblias\/estudo-feminina\/biblia-da-mulher-de-fe-nvi-sheila-walsh-flores\/","title":{"rendered":"B\u00edblia Da Mulher De F\u00e9 &#8211; Nvi &#8211; Sheila Walsh &#8211; Flores"},"content":{"rendered":"<p>A B\u00edblia da mulher de f\u00e9 oferece inspira\u00e7\u00e3o e recursos especiais para leitoras em busca de uma comunh\u00e3o di\u00e1ria com Deus e sua Palavra. Al\u00e9m do texto das Escrituras Sagradas, s\u00e3o 366 devocionais com li\u00e7\u00f5es e conselhos valiosos. Seja qual for o seu perfil jovem, m\u00e3e, av\u00f3, solteira, casada, dona de casa, empres\u00e1ria , esta obra foi criada para mulheres como voc\u00ea. Recursos especiais da B\u00edblia da mulher de f\u00e9: 366 devocionais abrangendo temas como gra\u00e7a, esperan\u00e7a, cura, alegria, f\u00e9 e amor, entre outros. Estudos e notas elaborados por palestrantes e escritoras crist\u00e3s ligadas ao movimento internacional Mulheres de F\u00e9, como Sheila Walsh, Mary Graham e Luci Swindoll. Indexa\u00e7\u00e3o tem\u00e1tica de textos devocionais e Escrituras relacionadas. Texto b\u00edblico da Nova vers\u00e3o internacional, que re\u00fane clareza, eleg\u00e2ncia e fidelidade aos originais. Projeto gr\u00e1fico em duas cores e diagrama\u00e7\u00e3o especial para tornar a leitura mais agrad\u00e1vel. Artigos especiais para novas convertidas. Biografia das Mulheres de F\u00e9 que colaboraram com a B\u00edblia.<\/p>\n","protected":false},"excerpt":{"rendered":"<p>A B\u00edblia da mulher de f\u00e9 oferece inspira\u00e7\u00e3o e recursos especiais para leitoras em busca de uma comunh\u00e3o di\u00e1ria com&hellip;<\/p>\n","protected":false},"featured_media":347840,"comment_status":"open","ping_status":"closed","template":"","meta":[],"product_cat":[139,175],"product_tag":[],"_links":{"self":[{"href":"https:\/\/www.livrariarema.com.br\/loja\/wp-json\/wp\/v2\/product\/289562"}],"collection":[{"href":"https:\/\/www.livrariarema.com.br\/loja\/wp-json\/wp\/v2\/product"}],"about":[{"href":"https:\/\/www.livrariarema.com.br\/loja\/wp-json\/wp\/v2\/types\/product"}],"replies":[{"embeddable":true,"href":"https:\/\/www.livrariarema.com.br\/loja\/wp-json\/wp\/v2\/comments?post=289562"}],"wp:featuredmedia":[{"embeddable":true,"href":"https:\/\/www.livrariarema.com.br\/loja\/wp-json\/wp\/v2\/media\/347840"}],"wp:attachment":[{"href":"https:\/\/www.livrariarema.com.br\/loja\/wp-json\/wp\/v2\/media?parent=289562"}],"wp:term":[{"taxonomy":"product_cat","embeddable":true,"href":"https:\/\/www.livrariarema.com.br\/loja\/wp-json\/wp\/v2\/product_cat?post=289562"},{"taxonomy":"product_tag","embeddable":true,"href":"https:\/\/www.livrariarema.com.br\/loja\/wp-json\/wp\/v2\/product_tag?post=289562"}],"curies":[{"name":"wp","href":"https:\/\/api.w.org\/{rel}","templated":true}]}}