{"id":289889,"date":"2024-04-01T11:51:30","date_gmt":"2024-04-01T14:51:30","guid":{"rendered":"https:\/\/www.livrariarema.com.br\/loja\/produtos\/sem categoria\/caneca-de-porcelana-ubi-300ml-cursos-educacao-fisica\/"},"modified":"2024-11-19T12:09:31","modified_gmt":"2024-11-19T15:09:31","slug":"caneca-de-porcelana-ubi-300ml-cursos-educacao-fisica","status":"publish","type":"product","link":"https:\/\/www.livrariarema.com.br\/loja\/produtos\/diversos\/caneca\/caneca-de-porcelana-ubi-300ml-cursos-educacao-fisica\/","title":{"rendered":"Caneca De Porcelana &#8211; Ubi 300Ml &#8211; Cursos &#8211; Educa\u00e7\u00e3o F\u00edsica"},"content":{"rendered":"<p>Presenteie aquele amigo ou amiga estudante com a CANECA CER UBI CURSOS &#8211; EDUCA\u00c7\u00c3O F\u00cdSICA.<br \/>\nFabricada em porcelana de alta qualidade que garante maior durabilidade durante seu uso. Ela \u00e9 perfeita para voc\u00ea apreciar aquele caf\u00e9 quentinho ou chocolate quente super cremoso de um jeito todo especial.<br \/>\nA CANECA \u00e9 um item essencial em qualquer caf\u00e9 da manh\u00e3, al\u00e9m disso d\u00e1 para us\u00e1-la como porta treco, porta l\u00e1pis ou presentear algu\u00e9m especial.<\/p>\n","protected":false},"excerpt":{"rendered":"<p>Presenteie aquele amigo ou amiga estudante com a CANECA CER UBI CURSOS &#8211; EDUCA\u00c7\u00c3O F\u00cdSICA. Fabricada em porcelana de alta&hellip;<\/p>\n","protected":false},"featured_media":322775,"comment_status":"open","ping_status":"closed","template":"","meta":[],"product_cat":[235,132],"product_tag":[],"_links":{"self":[{"href":"https:\/\/www.livrariarema.com.br\/loja\/wp-json\/wp\/v2\/product\/289889"}],"collection":[{"href":"https:\/\/www.livrariarema.com.br\/loja\/wp-json\/wp\/v2\/product"}],"about":[{"href":"https:\/\/www.livrariarema.com.br\/loja\/wp-json\/wp\/v2\/types\/product"}],"replies":[{"embeddable":true,"href":"https:\/\/www.livrariarema.com.br\/loja\/wp-json\/wp\/v2\/comments?post=289889"}],"wp:featuredmedia":[{"embeddable":true,"href":"https:\/\/www.livrariarema.com.br\/loja\/wp-json\/wp\/v2\/media\/322775"}],"wp:attachment":[{"href":"https:\/\/www.livrariarema.com.br\/loja\/wp-json\/wp\/v2\/media?parent=289889"}],"wp:term":[{"taxonomy":"product_cat","embeddable":true,"href":"https:\/\/www.livrariarema.com.br\/loja\/wp-json\/wp\/v2\/product_cat?post=289889"},{"taxonomy":"product_tag","embeddable":true,"href":"https:\/\/www.livrariarema.com.br\/loja\/wp-json\/wp\/v2\/product_tag?post=289889"}],"curies":[{"name":"wp","href":"https:\/\/api.w.org\/{rel}","templated":true}]}}