{"id":290254,"date":"2024-04-03T09:00:25","date_gmt":"2024-04-03T12:00:25","guid":{"rendered":"https:\/\/www.livrariarema.com.br\/loja\/produtos\/sem categoria\/copo-plastico-smart-mae-inspiracao-para-a-vida\/"},"modified":"2024-04-04T11:11:30","modified_gmt":"2024-04-04T14:11:30","slug":"copo-plastico-smart-mae-inspiracao-para-a-vida","status":"publish","type":"product","link":"https:\/\/www.livrariarema.com.br\/loja\/produtos\/diversos\/copo-squeeze\/copo-plastico-smart-mae-inspiracao-para-a-vida\/","title":{"rendered":"Copo Pl\u00e1stico Smart &#8211; M\u00e3e Inspira\u00e7\u00e3o Para A Vida"},"content":{"rendered":"","protected":false},"excerpt":{"rendered":"","protected":false},"featured_media":290485,"comment_status":"open","ping_status":"closed","template":"","meta":[],"product_cat":[234,132],"product_tag":[],"_links":{"self":[{"href":"https:\/\/www.livrariarema.com.br\/loja\/wp-json\/wp\/v2\/product\/290254"}],"collection":[{"href":"https:\/\/www.livrariarema.com.br\/loja\/wp-json\/wp\/v2\/product"}],"about":[{"href":"https:\/\/www.livrariarema.com.br\/loja\/wp-json\/wp\/v2\/types\/product"}],"replies":[{"embeddable":true,"href":"https:\/\/www.livrariarema.com.br\/loja\/wp-json\/wp\/v2\/comments?post=290254"}],"wp:featuredmedia":[{"embeddable":true,"href":"https:\/\/www.livrariarema.com.br\/loja\/wp-json\/wp\/v2\/media\/290485"}],"wp:attachment":[{"href":"https:\/\/www.livrariarema.com.br\/loja\/wp-json\/wp\/v2\/media?parent=290254"}],"wp:term":[{"taxonomy":"product_cat","embeddable":true,"href":"https:\/\/www.livrariarema.com.br\/loja\/wp-json\/wp\/v2\/product_cat?post=290254"},{"taxonomy":"product_tag","embeddable":true,"href":"https:\/\/www.livrariarema.com.br\/loja\/wp-json\/wp\/v2\/product_tag?post=290254"}],"curies":[{"name":"wp","href":"https:\/\/api.w.org\/{rel}","templated":true}]}}