{"id":291251,"date":"2024-04-08T14:49:51","date_gmt":"2024-04-08T17:49:51","guid":{"rendered":"https:\/\/www.livrariarema.com.br\/loja\/produtos\/sem%20categoria\/livro-dos-misterios-o-jonathan-cahn\/"},"modified":"2025-05-08T14:16:39","modified_gmt":"2025-05-08T17:16:39","slug":"livro-dos-misterios-o-jonathan-cahn","status":"publish","type":"product","link":"https:\/\/www.livrariarema.com.br\/loja\/produtos\/livros\/devocional\/livro-dos-misterios-o-jonathan-cahn\/","title":{"rendered":"Livro Dos Mist\u00e9rios, O &#8211; Jonathan Cahn"},"content":{"rendered":"<p>Ao abrir O livro dos mist\u00e9rios, voc\u00ea ser\u00e1 transportado a uma jornada atrav\u00e9s de um deserto para encontrar um homem conhecido apenas como &#8220;o professor&#8221;, que o conduzir\u00e1 a uma odisseia ao topo de montanhas, cavernas, vilas de moradores de tendas e c\u00e2maras iluminadas a \u00f3leo, onde h\u00e1 pergaminhos, livros antigos e vasos misteriosos. A cada dia, um novo mist\u00e9rio ser\u00e1 revelado, entre eles: o mist\u00e9rio do Oitavo Dia, o Projeto dos Macabeus, o &#8220;quiasmo&#8221;, os &#8220;sete mist\u00e9rios de uma era&#8221; e muito mais&#8230; at\u00e9 mesmo o mist\u00e9rio da sua vida! Participe desta viagem e abra o ba\u00fa do tesouro para descobrir mist\u00e9rios de todos os tempos. E, com 365 mist\u00e9rios, um para cada dia da jornada &#8211; e do ano -, O livro dos mist\u00e9rios \u00e9 tamb\u00e9m um devocional di\u00e1rio diferente de qualquer outro, com fatos nunca antes revelados, as chaves mais importantes para verdades espirituais, revela\u00e7\u00f5es sobre o fim dos tempos e os segredos da supera\u00e7\u00e3o. Isso pode mudar sua vida!<\/p>\n","protected":false},"excerpt":{"rendered":"<p>Ao abrir O livro dos mist\u00e9rios, voc\u00ea ser\u00e1 transportado a uma jornada atrav\u00e9s de um deserto para encontrar um homem&hellip;<\/p>\n","protected":false},"featured_media":330746,"comment_status":"open","ping_status":"closed","template":"","meta":[],"product_cat":[158,134],"product_tag":[],"_links":{"self":[{"href":"https:\/\/www.livrariarema.com.br\/loja\/wp-json\/wp\/v2\/product\/291251"}],"collection":[{"href":"https:\/\/www.livrariarema.com.br\/loja\/wp-json\/wp\/v2\/product"}],"about":[{"href":"https:\/\/www.livrariarema.com.br\/loja\/wp-json\/wp\/v2\/types\/product"}],"replies":[{"embeddable":true,"href":"https:\/\/www.livrariarema.com.br\/loja\/wp-json\/wp\/v2\/comments?post=291251"}],"wp:featuredmedia":[{"embeddable":true,"href":"https:\/\/www.livrariarema.com.br\/loja\/wp-json\/wp\/v2\/media\/330746"}],"wp:attachment":[{"href":"https:\/\/www.livrariarema.com.br\/loja\/wp-json\/wp\/v2\/media?parent=291251"}],"wp:term":[{"taxonomy":"product_cat","embeddable":true,"href":"https:\/\/www.livrariarema.com.br\/loja\/wp-json\/wp\/v2\/product_cat?post=291251"},{"taxonomy":"product_tag","embeddable":true,"href":"https:\/\/www.livrariarema.com.br\/loja\/wp-json\/wp\/v2\/product_tag?post=291251"}],"curies":[{"name":"wp","href":"https:\/\/api.w.org\/{rel}","templated":true}]}}