{"id":291264,"date":"2024-04-08T15:30:17","date_gmt":"2024-04-08T18:30:17","guid":{"rendered":"https:\/\/www.livrariarema.com.br\/loja\/produtos\/sem categoria\/espiritualidade-emocionalmente-saudavel-dia-a-dia-peter-scazzero\/"},"modified":"2026-03-13T16:46:39","modified_gmt":"2026-03-13T19:46:39","slug":"espiritualidade-emocionalmente-saudavel-dia-a-dia-peter-scazzero","status":"publish","type":"product","link":"https:\/\/www.livrariarema.com.br\/loja\/produtos\/livros\/espiritualidade\/espiritualidade-emocionalmente-saudavel-dia-a-dia-peter-scazzero\/","title":{"rendered":"Espiritualidade Emocionalmente Saud\u00e1vel &#8211; Dia A Dia &#8211; Peter Scazzero"},"content":{"rendered":"<p>Um devocional inovador e transformador para qualquer um que deseje um momento de comunh\u00e3o mais proposital e estruturado com Deus.<\/p>\n<p>Neste livro, Peter Scazzero apresenta a antiga disciplina espiritual do Of\u00edcio Divino. A premissa b\u00e1sica do Of\u00edcio Divino \u00e9 simples: n\u00f3s precisamos deliberadamente parar para estarmos com Deus mais de uma vez por dia, para que a pr\u00e1tica de sua presen\u00e7a torne-se real em nossa vida.<\/p>\n<p>Cada um dos temas deste devocional de oito semanas \u00e9 baseado num cap\u00edtulo do conhecido livro Espiritualidade Emocionalmente Saud\u00e1vel &#8211; embora voc\u00ea n\u00e3o precise ter lido aquele livro para se beneficiar desses devocionais. Cada dia oferece dois momentos &#8211; Manh\u00e3\/Meio-dia e Meio-dia\/Noite &#8211; em que cada pausa pode durar de cinco a vinte minutos.<\/p>\n","protected":false},"excerpt":{"rendered":"<p>Um devocional inovador e transformador para qualquer um que deseje um momento de comunh\u00e3o mais proposital e estruturado com Deus.&hellip;<\/p>\n","protected":false},"featured_media":346077,"comment_status":"open","ping_status":"closed","template":"","meta":[],"product_cat":[160,134],"product_tag":[],"_links":{"self":[{"href":"https:\/\/www.livrariarema.com.br\/loja\/wp-json\/wp\/v2\/product\/291264"}],"collection":[{"href":"https:\/\/www.livrariarema.com.br\/loja\/wp-json\/wp\/v2\/product"}],"about":[{"href":"https:\/\/www.livrariarema.com.br\/loja\/wp-json\/wp\/v2\/types\/product"}],"replies":[{"embeddable":true,"href":"https:\/\/www.livrariarema.com.br\/loja\/wp-json\/wp\/v2\/comments?post=291264"}],"wp:featuredmedia":[{"embeddable":true,"href":"https:\/\/www.livrariarema.com.br\/loja\/wp-json\/wp\/v2\/media\/346077"}],"wp:attachment":[{"href":"https:\/\/www.livrariarema.com.br\/loja\/wp-json\/wp\/v2\/media?parent=291264"}],"wp:term":[{"taxonomy":"product_cat","embeddable":true,"href":"https:\/\/www.livrariarema.com.br\/loja\/wp-json\/wp\/v2\/product_cat?post=291264"},{"taxonomy":"product_tag","embeddable":true,"href":"https:\/\/www.livrariarema.com.br\/loja\/wp-json\/wp\/v2\/product_tag?post=291264"}],"curies":[{"name":"wp","href":"https:\/\/api.w.org\/{rel}","templated":true}]}}