{"id":291280,"date":"2024-04-08T15:31:28","date_gmt":"2024-04-08T18:31:28","guid":{"rendered":"https:\/\/www.livrariarema.com.br\/loja\/produtos\/sem categoria\/biblia-sagrada-holy-bible-bilingue-portugues-e-ingles-union\/"},"modified":"2025-01-16T13:51:50","modified_gmt":"2025-01-16T16:51:50","slug":"biblia-sagrada-holy-bible-bilingue-portugues-e-ingles-union","status":"publish","type":"product","link":"https:\/\/www.livrariarema.com.br\/loja\/produtos\/biblias\/outros-idiomas\/biblia-sagrada-holy-bible-bilingue-portugues-e-ingles-union\/","title":{"rendered":"B\u00edblia Sagrada Holy Bible &#8211; Bil\u00edngue &#8211; Portugu\u00eas E Ingl\u00eas &#8211; Union"},"content":{"rendered":"<p>A B\u00edblia Bil\u00edngue NBV-NIV \u00e9 uma que re\u00fane dois dos mais renomados textos b\u00edblicos em uma \u00fanica edi\u00e7\u00e3o. Esta edi\u00e7\u00e3o bil\u00edngue apresenta o texto claro e acess\u00edvel da Nova B\u00edblia Viva (NBV) e a respeitada New International Version (NIV), permitindo que os leitores mergulhem nas Escrituras Sagradas em duas l\u00ednguas diferentes.<\/p>\n<p>Esta B\u00edblia bil\u00edngue permite que os leitores comparem e contrastem os textos das duas tradu\u00e7\u00f5es, proporcionando uma compreens\u00e3o mais profunda e rica das Escrituras. Seja voc\u00ea um estudante da B\u00edblia, um leitor devoto ou algu\u00e9m que deseja explorar as Escrituras em ambas as l\u00ednguas, a B\u00edblia Bil\u00edngue NBV-NIV \u00e9 uma ferramenta valiosa para o crescimento espiritual e a reflex\u00e3o.<\/p>\n<p>Com notas de rodap\u00e9 informativas, esta edi\u00e7\u00e3o \u00e9 um recurso completo para qualquer pessoa interessada em aprofundar seu entendimento da Palavra de Deus.<\/p>\n<p>A B\u00edblia Bil\u00edngue NBV-NIV \u00e9 um tesouro espiritual que oferece uma jornada \u00fanica pela Palavra de Deus, permitindo que os leitores explorem a riqueza dos ensinamentos b\u00edblicos em dois idiomas diferentes.<\/p>\n","protected":false},"excerpt":{"rendered":"<p>A B\u00edblia Bil\u00edngue NBV-NIV \u00e9 uma que re\u00fane dois dos mais renomados textos b\u00edblicos em uma \u00fanica edi\u00e7\u00e3o. Esta edi\u00e7\u00e3o&hellip;<\/p>\n","protected":false},"featured_media":324888,"comment_status":"open","ping_status":"closed","template":"","meta":[],"product_cat":[139,141],"product_tag":[],"_links":{"self":[{"href":"https:\/\/www.livrariarema.com.br\/loja\/wp-json\/wp\/v2\/product\/291280"}],"collection":[{"href":"https:\/\/www.livrariarema.com.br\/loja\/wp-json\/wp\/v2\/product"}],"about":[{"href":"https:\/\/www.livrariarema.com.br\/loja\/wp-json\/wp\/v2\/types\/product"}],"replies":[{"embeddable":true,"href":"https:\/\/www.livrariarema.com.br\/loja\/wp-json\/wp\/v2\/comments?post=291280"}],"wp:featuredmedia":[{"embeddable":true,"href":"https:\/\/www.livrariarema.com.br\/loja\/wp-json\/wp\/v2\/media\/324888"}],"wp:attachment":[{"href":"https:\/\/www.livrariarema.com.br\/loja\/wp-json\/wp\/v2\/media?parent=291280"}],"wp:term":[{"taxonomy":"product_cat","embeddable":true,"href":"https:\/\/www.livrariarema.com.br\/loja\/wp-json\/wp\/v2\/product_cat?post=291280"},{"taxonomy":"product_tag","embeddable":true,"href":"https:\/\/www.livrariarema.com.br\/loja\/wp-json\/wp\/v2\/product_tag?post=291280"}],"curies":[{"name":"wp","href":"https:\/\/api.w.org\/{rel}","templated":true}]}}