{"id":291817,"date":"2024-04-12T14:12:23","date_gmt":"2024-04-12T17:12:23","guid":{"rendered":"https:\/\/www.livrariarema.com.br\/loja\/produtos\/sem categoria\/kieza-aprende-a-orar-philip-murdoch\/"},"modified":"2025-10-28T17:31:47","modified_gmt":"2025-10-28T20:31:47","slug":"kieza-aprende-a-orar-philip-murdoch","status":"publish","type":"product","link":"https:\/\/www.livrariarema.com.br\/loja\/produtos\/livros\/infantil\/kieza-aprende-a-orar-philip-murdoch\/","title":{"rendered":"Kieza Aprende A Orar &#8211; Philip Murdoch"},"content":{"rendered":"<p>Era uma vez, em uma pequena e aconchegante vila, uma garota alegre e bondosa chamada Kieza e sua av\u00f3, Noemi. Um dia, Kieza viu sua av\u00f3 Noemi orar com tanta paz e alegria. Ela ficou curiosa sobre a ora\u00e7\u00e3o e perguntou por que ela fechava os olhos. Noemi ficou muito feliz com a pergunta de sua neta, que tamb\u00e9m pediu para sua av\u00f3 ensin\u00e1-la a orar. A partir da\u00ed come\u00e7a uma nova aventura com muitos ensinamentos.<\/p>\n","protected":false},"excerpt":{"rendered":"<p>Era uma vez, em uma pequena e aconchegante vila, uma garota alegre e bondosa chamada Kieza e sua av\u00f3, Noemi.&hellip;<\/p>\n","protected":false},"featured_media":340341,"comment_status":"open","ping_status":"closed","template":"","meta":[],"product_cat":[144,134],"product_tag":[],"_links":{"self":[{"href":"https:\/\/www.livrariarema.com.br\/loja\/wp-json\/wp\/v2\/product\/291817"}],"collection":[{"href":"https:\/\/www.livrariarema.com.br\/loja\/wp-json\/wp\/v2\/product"}],"about":[{"href":"https:\/\/www.livrariarema.com.br\/loja\/wp-json\/wp\/v2\/types\/product"}],"replies":[{"embeddable":true,"href":"https:\/\/www.livrariarema.com.br\/loja\/wp-json\/wp\/v2\/comments?post=291817"}],"wp:featuredmedia":[{"embeddable":true,"href":"https:\/\/www.livrariarema.com.br\/loja\/wp-json\/wp\/v2\/media\/340341"}],"wp:attachment":[{"href":"https:\/\/www.livrariarema.com.br\/loja\/wp-json\/wp\/v2\/media?parent=291817"}],"wp:term":[{"taxonomy":"product_cat","embeddable":true,"href":"https:\/\/www.livrariarema.com.br\/loja\/wp-json\/wp\/v2\/product_cat?post=291817"},{"taxonomy":"product_tag","embeddable":true,"href":"https:\/\/www.livrariarema.com.br\/loja\/wp-json\/wp\/v2\/product_tag?post=291817"}],"curies":[{"name":"wp","href":"https:\/\/api.w.org\/{rel}","templated":true}]}}