{"id":291819,"date":"2024-04-12T14:12:30","date_gmt":"2024-04-12T17:12:30","guid":{"rendered":"https:\/\/www.livrariarema.com.br\/loja\/produtos\/sem categoria\/maravilhoso-dia-na-igreja-de-harmonyville-o-philip-murdoch\/"},"modified":"2026-03-02T16:51:46","modified_gmt":"2026-03-02T19:51:46","slug":"maravilhoso-dia-na-igreja-de-harmonyville-o-philip-murdoch","status":"publish","type":"product","link":"https:\/\/www.livrariarema.com.br\/loja\/produtos\/livros\/infantil\/maravilhoso-dia-na-igreja-de-harmonyville-o-philip-murdoch\/","title":{"rendered":"Maravilhoso Dia Na Igreja De Harmonyville, O &#8211; Philip Murdoch"},"content":{"rendered":"<p>Na pequena cidade de Harmonyville, viviam cinco amigos que todos conheciam e amavam. Mike, Kieza, Ana, Henry e Jun eram as crian\u00e7as mais criativas e sorridentes que j\u00e1 se viu. Jogavam bola no campo, peteca, andavam de bicicleta, bolinhas de gude e at\u00e9 pique esconde. Mike, Kieza e Ana frequentavam uma bela igreja. Um belo dia, Mike convidou seus amigos para visitarem a sua igreja e come\u00e7aram uma bela jornada com novas descobertas.<\/p>\n","protected":false},"excerpt":{"rendered":"<p>Na pequena cidade de Harmonyville, viviam cinco amigos que todos conheciam e amavam. Mike, Kieza, Ana, Henry e Jun eram&hellip;<\/p>\n","protected":false},"featured_media":340342,"comment_status":"open","ping_status":"closed","template":"","meta":[],"product_cat":[144,134],"product_tag":[],"_links":{"self":[{"href":"https:\/\/www.livrariarema.com.br\/loja\/wp-json\/wp\/v2\/product\/291819"}],"collection":[{"href":"https:\/\/www.livrariarema.com.br\/loja\/wp-json\/wp\/v2\/product"}],"about":[{"href":"https:\/\/www.livrariarema.com.br\/loja\/wp-json\/wp\/v2\/types\/product"}],"replies":[{"embeddable":true,"href":"https:\/\/www.livrariarema.com.br\/loja\/wp-json\/wp\/v2\/comments?post=291819"}],"wp:featuredmedia":[{"embeddable":true,"href":"https:\/\/www.livrariarema.com.br\/loja\/wp-json\/wp\/v2\/media\/340342"}],"wp:attachment":[{"href":"https:\/\/www.livrariarema.com.br\/loja\/wp-json\/wp\/v2\/media?parent=291819"}],"wp:term":[{"taxonomy":"product_cat","embeddable":true,"href":"https:\/\/www.livrariarema.com.br\/loja\/wp-json\/wp\/v2\/product_cat?post=291819"},{"taxonomy":"product_tag","embeddable":true,"href":"https:\/\/www.livrariarema.com.br\/loja\/wp-json\/wp\/v2\/product_tag?post=291819"}],"curies":[{"name":"wp","href":"https:\/\/api.w.org\/{rel}","templated":true}]}}