{"id":291823,"date":"2024-04-12T14:12:43","date_gmt":"2024-04-12T17:12:43","guid":{"rendered":"https:\/\/www.livrariarema.com.br\/loja\/produtos\/sem categoria\/mike-gosta-de-historinhas-philip-murdoch\/"},"modified":"2025-10-28T17:32:07","modified_gmt":"2025-10-28T20:32:07","slug":"mike-gosta-de-historinhas-philip-murdoch","status":"publish","type":"product","link":"https:\/\/www.livrariarema.com.br\/loja\/produtos\/livros\/infantil\/mike-gosta-de-historinhas-philip-murdoch\/","title":{"rendered":"Mike Gosta De Historinhas &#8211; Philip Murdoch"},"content":{"rendered":"<p>Era uma vez um menino chamado Mike, que morava com seus pais em uma linda casa amarela. Mike era um menino divertido, alegre e muito falante. Mas gostava de inventar<br \/>\nhist\u00f3rias. \u00c0s vezes, ele contava algumas hist\u00f3rias que n\u00e3o eram verdadeiras e eram conhecidas como mentiras. Mike mentiu para seus amigos muitas vezes. At\u00e9 que um dia&#8230;<\/p>\n","protected":false},"excerpt":{"rendered":"<p>Era uma vez um menino chamado Mike, que morava com seus pais em uma linda casa amarela. Mike era um&hellip;<\/p>\n","protected":false},"featured_media":340344,"comment_status":"open","ping_status":"closed","template":"","meta":[],"product_cat":[144,134],"product_tag":[],"_links":{"self":[{"href":"https:\/\/www.livrariarema.com.br\/loja\/wp-json\/wp\/v2\/product\/291823"}],"collection":[{"href":"https:\/\/www.livrariarema.com.br\/loja\/wp-json\/wp\/v2\/product"}],"about":[{"href":"https:\/\/www.livrariarema.com.br\/loja\/wp-json\/wp\/v2\/types\/product"}],"replies":[{"embeddable":true,"href":"https:\/\/www.livrariarema.com.br\/loja\/wp-json\/wp\/v2\/comments?post=291823"}],"wp:featuredmedia":[{"embeddable":true,"href":"https:\/\/www.livrariarema.com.br\/loja\/wp-json\/wp\/v2\/media\/340344"}],"wp:attachment":[{"href":"https:\/\/www.livrariarema.com.br\/loja\/wp-json\/wp\/v2\/media?parent=291823"}],"wp:term":[{"taxonomy":"product_cat","embeddable":true,"href":"https:\/\/www.livrariarema.com.br\/loja\/wp-json\/wp\/v2\/product_cat?post=291823"},{"taxonomy":"product_tag","embeddable":true,"href":"https:\/\/www.livrariarema.com.br\/loja\/wp-json\/wp\/v2\/product_tag?post=291823"}],"curies":[{"name":"wp","href":"https:\/\/api.w.org\/{rel}","templated":true}]}}