{"id":292345,"date":"2024-04-18T15:14:21","date_gmt":"2024-04-18T18:14:21","guid":{"rendered":"https:\/\/www.livrariarema.com.br\/loja\/produtos\/sem categoria\/e-se-fosse-hoje-angelica-pina\/"},"modified":"2025-07-16T16:41:54","modified_gmt":"2025-07-16T19:41:54","slug":"e-se-fosse-hoje-angelica-pina","status":"publish","type":"product","link":"https:\/\/www.livrariarema.com.br\/loja\/produtos\/livros\/juvenil\/e-se-fosse-hoje-angelica-pina\/","title":{"rendered":"E Se Fosse Hoje? &#8211; Ang\u00e9lica Pina"},"content":{"rendered":"<p>O mesmo Deus que realizou sinais e maravilhas nas hist\u00f3rias narradas na B\u00edblia faz milagres tamb\u00e9m em nos nossos dias. O Deus que curou cegos e paral\u00edticos, fez fogo descer do c\u00e9u e transformou est\u00e9reis em m\u00e3es de filhos ainda se move sobre a Terra, levantando homens e mulheres para serem sua imagem e semelhan\u00e7a, cheios do Esp\u00edrito Santo e de poder. Voc\u00ea acredita que fatos como os b\u00edblicos podem ocorrer nos dias de hoje? Como seriam os epis\u00f3dios b\u00edblicos se acontecessem na nossa \u00e9poca, com personagens e cen\u00e1rios atuais? A proposta dessa antologia \u00e9 trazer releituras de hist\u00f3rias da B\u00edblia, mostrando como elas seriam se fossem hoje.<\/p>\n","protected":false},"excerpt":{"rendered":"<p>O mesmo Deus que realizou sinais e maravilhas nas hist\u00f3rias narradas na B\u00edblia faz milagres tamb\u00e9m em nos nossos dias.&hellip;<\/p>\n","protected":false},"featured_media":292545,"comment_status":"open","ping_status":"closed","template":"","meta":[],"product_cat":[184,134],"product_tag":[],"_links":{"self":[{"href":"https:\/\/www.livrariarema.com.br\/loja\/wp-json\/wp\/v2\/product\/292345"}],"collection":[{"href":"https:\/\/www.livrariarema.com.br\/loja\/wp-json\/wp\/v2\/product"}],"about":[{"href":"https:\/\/www.livrariarema.com.br\/loja\/wp-json\/wp\/v2\/types\/product"}],"replies":[{"embeddable":true,"href":"https:\/\/www.livrariarema.com.br\/loja\/wp-json\/wp\/v2\/comments?post=292345"}],"wp:featuredmedia":[{"embeddable":true,"href":"https:\/\/www.livrariarema.com.br\/loja\/wp-json\/wp\/v2\/media\/292545"}],"wp:attachment":[{"href":"https:\/\/www.livrariarema.com.br\/loja\/wp-json\/wp\/v2\/media?parent=292345"}],"wp:term":[{"taxonomy":"product_cat","embeddable":true,"href":"https:\/\/www.livrariarema.com.br\/loja\/wp-json\/wp\/v2\/product_cat?post=292345"},{"taxonomy":"product_tag","embeddable":true,"href":"https:\/\/www.livrariarema.com.br\/loja\/wp-json\/wp\/v2\/product_tag?post=292345"}],"curies":[{"name":"wp","href":"https:\/\/api.w.org\/{rel}","templated":true}]}}