{"id":292354,"date":"2024-04-18T15:15:09","date_gmt":"2024-04-18T18:15:09","guid":{"rendered":"https:\/\/www.livrariarema.com.br\/loja\/produtos\/sem categoria\/serie-oeste-canadense-3-quando-rompe-a-alvorada-janette-oke\/"},"modified":"2026-01-21T13:27:12","modified_gmt":"2026-01-21T16:27:12","slug":"serie-oeste-canadense-3-quando-rompe-a-alvorada-janette-oke","status":"publish","type":"product","link":"https:\/\/www.livrariarema.com.br\/loja\/produtos\/livros\/romance\/serie-oeste-canadense-3-quando-rompe-a-alvorada-janette-oke\/","title":{"rendered":"S\u00e9rie Oeste Canadense 3 &#8211; Quando Rompe A Alvorada &#8211; Janette Oke"},"content":{"rendered":"<p>Tendo sobrevivido \u00e0 dureza de seu primeiro ano no extremo Noroeste, Elizabeth e Wynn &#8211; seu Royal Canadian Mountie &#8211; agora enfrentam novos desafios. Quando fazem novos amigos e come\u00e7am uma nova escola, eles recebem um novo destacamento. Parece que os sonhos de Elizabeth de ter uma fam\u00edlia e uma casa pr\u00f3pria n\u00e3o acontecer\u00e3o. Ser\u00e1 que o amor m\u00fatuo, a esperan\u00e7a no futuro e a f\u00e9 em Deus os far\u00e3o atravessar decep\u00e7\u00f5es esmagadoras?<\/p>\n","protected":false},"excerpt":{"rendered":"<p>Tendo sobrevivido \u00e0 dureza de seu primeiro ano no extremo Noroeste, Elizabeth e Wynn &#8211; seu Royal Canadian Mountie &#8211;&hellip;<\/p>\n","protected":false},"featured_media":343017,"comment_status":"open","ping_status":"closed","template":"","meta":[],"product_cat":[134,182],"product_tag":[],"_links":{"self":[{"href":"https:\/\/www.livrariarema.com.br\/loja\/wp-json\/wp\/v2\/product\/292354"}],"collection":[{"href":"https:\/\/www.livrariarema.com.br\/loja\/wp-json\/wp\/v2\/product"}],"about":[{"href":"https:\/\/www.livrariarema.com.br\/loja\/wp-json\/wp\/v2\/types\/product"}],"replies":[{"embeddable":true,"href":"https:\/\/www.livrariarema.com.br\/loja\/wp-json\/wp\/v2\/comments?post=292354"}],"wp:featuredmedia":[{"embeddable":true,"href":"https:\/\/www.livrariarema.com.br\/loja\/wp-json\/wp\/v2\/media\/343017"}],"wp:attachment":[{"href":"https:\/\/www.livrariarema.com.br\/loja\/wp-json\/wp\/v2\/media?parent=292354"}],"wp:term":[{"taxonomy":"product_cat","embeddable":true,"href":"https:\/\/www.livrariarema.com.br\/loja\/wp-json\/wp\/v2\/product_cat?post=292354"},{"taxonomy":"product_tag","embeddable":true,"href":"https:\/\/www.livrariarema.com.br\/loja\/wp-json\/wp\/v2\/product_tag?post=292354"}],"curies":[{"name":"wp","href":"https:\/\/api.w.org\/{rel}","templated":true}]}}