{"id":292356,"date":"2024-04-18T15:15:16","date_gmt":"2024-04-18T18:15:16","guid":{"rendered":"https:\/\/www.livrariarema.com.br\/loja\/produtos\/sem categoria\/serie-oeste-canadense-4-quando-renasce-a-esperanca-janette-oke\/"},"modified":"2026-01-02T10:51:02","modified_gmt":"2026-01-02T13:51:02","slug":"serie-oeste-canadense-4-quando-renasce-a-esperanca-janette-oke","status":"publish","type":"product","link":"https:\/\/www.livrariarema.com.br\/loja\/produtos\/livros\/romance\/serie-oeste-canadense-4-quando-renasce-a-esperanca-janette-oke\/","title":{"rendered":"S\u00e9rie Oeste Canadense 4 &#8211; Quando Renasce A Esperan\u00e7a &#8211; Janette Oke"},"content":{"rendered":"<p>Deixando para tr\u00e1s seus queridos amigos em Beaver Creek,  Elizabeth e Wynn assumem um posto avan\u00e7ado da Real Pol\u00edcia Montada Canadense ainda mais primitivo no noroeste do pa\u00eds. Elizabeth fica totalmente isolada quando as ind\u00edgenas locais t\u00eam medo at\u00e9 de se comunicar com ela. Os Delaney pensaram que j\u00e1 haviam enfrentado a decep\u00e7\u00e3o mais esmagadora de suas vidas quando viram o pequeno Sammy desaparecer de vista nos bra\u00e7os de seu pai. Eles ser\u00e3o capazes de sobreviver aos desafios que vir\u00e3o?<\/p>\n","protected":false},"excerpt":{"rendered":"<p>Deixando para tr\u00e1s seus queridos amigos em Beaver Creek, Elizabeth e Wynn assumem um posto avan\u00e7ado da Real Pol\u00edcia Montada&hellip;<\/p>\n","protected":false},"featured_media":320516,"comment_status":"open","ping_status":"closed","template":"","meta":[],"product_cat":[134,182],"product_tag":[],"_links":{"self":[{"href":"https:\/\/www.livrariarema.com.br\/loja\/wp-json\/wp\/v2\/product\/292356"}],"collection":[{"href":"https:\/\/www.livrariarema.com.br\/loja\/wp-json\/wp\/v2\/product"}],"about":[{"href":"https:\/\/www.livrariarema.com.br\/loja\/wp-json\/wp\/v2\/types\/product"}],"replies":[{"embeddable":true,"href":"https:\/\/www.livrariarema.com.br\/loja\/wp-json\/wp\/v2\/comments?post=292356"}],"wp:featuredmedia":[{"embeddable":true,"href":"https:\/\/www.livrariarema.com.br\/loja\/wp-json\/wp\/v2\/media\/320516"}],"wp:attachment":[{"href":"https:\/\/www.livrariarema.com.br\/loja\/wp-json\/wp\/v2\/media?parent=292356"}],"wp:term":[{"taxonomy":"product_cat","embeddable":true,"href":"https:\/\/www.livrariarema.com.br\/loja\/wp-json\/wp\/v2\/product_cat?post=292356"},{"taxonomy":"product_tag","embeddable":true,"href":"https:\/\/www.livrariarema.com.br\/loja\/wp-json\/wp\/v2\/product_tag?post=292356"}],"curies":[{"name":"wp","href":"https:\/\/api.w.org\/{rel}","templated":true}]}}