{"id":292358,"date":"2024-04-18T15:15:23","date_gmt":"2024-04-18T18:15:23","guid":{"rendered":"https:\/\/www.livrariarema.com.br\/loja\/produtos\/sem categoria\/melhor-amigo-cleber-ao-cubo\/"},"modified":"2024-06-19T09:54:21","modified_gmt":"2024-06-19T12:54:21","slug":"melhor-amigo-cleber-ao-cubo","status":"publish","type":"product","link":"https:\/\/www.livrariarema.com.br\/loja\/produtos\/livros\/infantil\/melhor-amigo-cleber-ao-cubo\/","title":{"rendered":"Melhor Amigo &#8211; Cleber Ao Cubo"},"content":{"rendered":"<p>Esse livro conta a hist\u00f3ria de um c\u00e3ozinho adotado e seu amor por seu dono. <br \/>\nUma forma l\u00fadica de falar com as crian\u00e7as sobre o valor do amor e da gratid\u00e3o.<\/p>\n","protected":false},"excerpt":{"rendered":"<p>Esse livro conta a hist\u00f3ria de um c\u00e3ozinho adotado e seu amor por seu dono. Uma forma l\u00fadica de falar&hellip;<\/p>\n","protected":false},"featured_media":294839,"comment_status":"open","ping_status":"closed","template":"","meta":[],"product_cat":[144,134],"product_tag":[],"_links":{"self":[{"href":"https:\/\/www.livrariarema.com.br\/loja\/wp-json\/wp\/v2\/product\/292358"}],"collection":[{"href":"https:\/\/www.livrariarema.com.br\/loja\/wp-json\/wp\/v2\/product"}],"about":[{"href":"https:\/\/www.livrariarema.com.br\/loja\/wp-json\/wp\/v2\/types\/product"}],"replies":[{"embeddable":true,"href":"https:\/\/www.livrariarema.com.br\/loja\/wp-json\/wp\/v2\/comments?post=292358"}],"wp:featuredmedia":[{"embeddable":true,"href":"https:\/\/www.livrariarema.com.br\/loja\/wp-json\/wp\/v2\/media\/294839"}],"wp:attachment":[{"href":"https:\/\/www.livrariarema.com.br\/loja\/wp-json\/wp\/v2\/media?parent=292358"}],"wp:term":[{"taxonomy":"product_cat","embeddable":true,"href":"https:\/\/www.livrariarema.com.br\/loja\/wp-json\/wp\/v2\/product_cat?post=292358"},{"taxonomy":"product_tag","embeddable":true,"href":"https:\/\/www.livrariarema.com.br\/loja\/wp-json\/wp\/v2\/product_tag?post=292358"}],"curies":[{"name":"wp","href":"https:\/\/api.w.org\/{rel}","templated":true}]}}