{"id":292360,"date":"2024-04-18T15:15:31","date_gmt":"2024-04-18T18:15:31","guid":{"rendered":"https:\/\/www.livrariarema.com.br\/loja\/produtos\/sem categoria\/serie-oeste-canadense-5-quando-se-dissipa-a-tempestade-janette-oke\/"},"modified":"2026-01-02T10:51:05","modified_gmt":"2026-01-02T13:51:05","slug":"serie-oeste-canadense-5-quando-se-dissipa-a-tempestade-janette-oke","status":"publish","type":"product","link":"https:\/\/www.livrariarema.com.br\/loja\/produtos\/livros\/romance\/serie-oeste-canadense-5-quando-se-dissipa-a-tempestade-janette-oke\/","title":{"rendered":"S\u00e9rie Oeste Canadense 5 &#8211; Quando Se Dissipa A Tempestade &#8211; Janette Oke"},"content":{"rendered":"<p>Irm\u00e3os que buscam aventura encontram mais do que esperavam&#8230;<br \/>\nO amor de Wynn e Elizabeth Delaney curou as mem\u00f3rias dolorosas de seu filho adotivo Henry e o ajudou a se tornar um homem de car\u00e1ter.<br \/>\nMas quando seu trabalho como um Policial Montado Canadense traz a trag\u00e9dia para sua vida mais uma vez, Henry fica assustado e vulner\u00e1vel. Designado para um novo posto cerca de cinco anos depois, ele redescobre algu\u00e9m que, de uma vez por todas, pode ser capaz de ajud\u00e1-lo a abandonar seu passado.<br \/>\nA irm\u00e3 de Henry, Christine, tamb\u00e9m sai de casa para explorar as possibilidades da vida. Mudando-se para a cidade, ela encontra emprego e perde seu cora\u00e7\u00e3o para o filho mundano de seu chefe milion\u00e1rio. Boyd \u00e9 um jovem solit\u00e1rio com um cora\u00e7\u00e3o ferido e n\u00e3o compartilha a f\u00e9 inabal\u00e1vel de Christine. O cora\u00e7\u00e3o dela a est\u00e1 levando pelo caminho errado?<\/p>\n","protected":false},"excerpt":{"rendered":"<p>Irm\u00e3os que buscam aventura encontram mais do que esperavam&#8230; O amor de Wynn e Elizabeth Delaney curou as mem\u00f3rias dolorosas&hellip;<\/p>\n","protected":false},"featured_media":320517,"comment_status":"open","ping_status":"closed","template":"","meta":[],"product_cat":[134,182],"product_tag":[],"_links":{"self":[{"href":"https:\/\/www.livrariarema.com.br\/loja\/wp-json\/wp\/v2\/product\/292360"}],"collection":[{"href":"https:\/\/www.livrariarema.com.br\/loja\/wp-json\/wp\/v2\/product"}],"about":[{"href":"https:\/\/www.livrariarema.com.br\/loja\/wp-json\/wp\/v2\/types\/product"}],"replies":[{"embeddable":true,"href":"https:\/\/www.livrariarema.com.br\/loja\/wp-json\/wp\/v2\/comments?post=292360"}],"wp:featuredmedia":[{"embeddable":true,"href":"https:\/\/www.livrariarema.com.br\/loja\/wp-json\/wp\/v2\/media\/320517"}],"wp:attachment":[{"href":"https:\/\/www.livrariarema.com.br\/loja\/wp-json\/wp\/v2\/media?parent=292360"}],"wp:term":[{"taxonomy":"product_cat","embeddable":true,"href":"https:\/\/www.livrariarema.com.br\/loja\/wp-json\/wp\/v2\/product_cat?post=292360"},{"taxonomy":"product_tag","embeddable":true,"href":"https:\/\/www.livrariarema.com.br\/loja\/wp-json\/wp\/v2\/product_tag?post=292360"}],"curies":[{"name":"wp","href":"https:\/\/api.w.org\/{rel}","templated":true}]}}