{"id":292362,"date":"2024-04-18T15:15:38","date_gmt":"2024-04-18T18:15:38","guid":{"rendered":"https:\/\/www.livrariarema.com.br\/loja\/produtos\/sem categoria\/serie-oeste-canadense-6-quando-chega-o-amanha-janette-oke\/"},"modified":"2026-01-02T10:51:09","modified_gmt":"2026-01-02T13:51:09","slug":"serie-oeste-canadense-6-quando-chega-o-amanha-janette-oke","status":"publish","type":"product","link":"https:\/\/www.livrariarema.com.br\/loja\/produtos\/livros\/romance\/serie-oeste-canadense-6-quando-chega-o-amanha-janette-oke\/","title":{"rendered":"S\u00e9rie Oeste Canadense 6 &#8211; Quando Chega O Amanh\u00e3 &#8211; Janette Oke"},"content":{"rendered":"<p>Enquanto os canadenses se voluntariam para a Segunda Guerra Mundial, Christine Delaney se recupera de seu cora\u00e7\u00e3o partido e encontra consolo em ajudar seu adorado irm\u00e3o Henry a se estabelecer na vida de casado, com Amber e seu filho Danny. No entanto, a felicidade da fam\u00edlia Delaney \u00e9 despeda\u00e7ada quando um terr\u00edvel acidente de carro cancela a festa da fam\u00edlia em Calgary. Neste ponto crucial em sua maturidade espiritual, Christine deve decidir se est\u00e1 disposta a desistir de seus sonhos de viver no Norte, e deixar que Deus a ajude a encontrar um amor para toda a vida.<\/p>\n","protected":false},"excerpt":{"rendered":"<p>Enquanto os canadenses se voluntariam para a Segunda Guerra Mundial, Christine Delaney se recupera de seu cora\u00e7\u00e3o partido e encontra&hellip;<\/p>\n","protected":false},"featured_media":320518,"comment_status":"open","ping_status":"closed","template":"","meta":[],"product_cat":[134,182],"product_tag":[],"_links":{"self":[{"href":"https:\/\/www.livrariarema.com.br\/loja\/wp-json\/wp\/v2\/product\/292362"}],"collection":[{"href":"https:\/\/www.livrariarema.com.br\/loja\/wp-json\/wp\/v2\/product"}],"about":[{"href":"https:\/\/www.livrariarema.com.br\/loja\/wp-json\/wp\/v2\/types\/product"}],"replies":[{"embeddable":true,"href":"https:\/\/www.livrariarema.com.br\/loja\/wp-json\/wp\/v2\/comments?post=292362"}],"wp:featuredmedia":[{"embeddable":true,"href":"https:\/\/www.livrariarema.com.br\/loja\/wp-json\/wp\/v2\/media\/320518"}],"wp:attachment":[{"href":"https:\/\/www.livrariarema.com.br\/loja\/wp-json\/wp\/v2\/media?parent=292362"}],"wp:term":[{"taxonomy":"product_cat","embeddable":true,"href":"https:\/\/www.livrariarema.com.br\/loja\/wp-json\/wp\/v2\/product_cat?post=292362"},{"taxonomy":"product_tag","embeddable":true,"href":"https:\/\/www.livrariarema.com.br\/loja\/wp-json\/wp\/v2\/product_tag?post=292362"}],"curies":[{"name":"wp","href":"https:\/\/api.w.org\/{rel}","templated":true}]}}