{"id":292372,"date":"2024-04-18T15:16:18","date_gmt":"2024-04-18T18:16:18","guid":{"rendered":"https:\/\/www.livrariarema.com.br\/loja\/produtos\/sem categoria\/aranha-persistente-a-juliana-dardengo\/"},"modified":"2025-07-14T12:12:28","modified_gmt":"2025-07-14T15:12:28","slug":"aranha-persistente-a-juliana-dardengo","status":"publish","type":"product","link":"https:\/\/www.livrariarema.com.br\/loja\/produtos\/livros\/infantil\/aranha-persistente-a-juliana-dardengo\/","title":{"rendered":"Aranha Persistente, A &#8211; Juliana Dardengo"},"content":{"rendered":"<p>\u00c9 GOSTOSO APRENDER COM JESUS COM A FORMA QUE ELE ENSINA ATRAV\u00c9S DAS PAR\u00c1BOLAS, N\u00c3O \u00c9 MESMO? ELE CONTOU UMA HIST\u00d3RIA UMA VEZ, ENSINANDO AS PESSOAS QUE SOFRERAM ALGUMA INJUSTI\u00c7A A PROCURAREM AJUDA.  AQUI NA NOSSA HIST\u00d3RIA, JULIANA DARDENGO APRESENTA  A LINDA ARANHA ROSADA. ELA  NOS ENSINAR\u00c1 UMA GRANDE LI\u00c7\u00c3O, SOBRE CONTINUAR INSISTINDO, E NUNCA DESISTIR.<\/p>\n","protected":false},"excerpt":{"rendered":"<p>\u00c9 GOSTOSO APRENDER COM JESUS COM A FORMA QUE ELE ENSINA ATRAV\u00c9S DAS PAR\u00c1BOLAS, N\u00c3O \u00c9 MESMO? ELE CONTOU UMA&hellip;<\/p>\n","protected":false},"featured_media":305038,"comment_status":"open","ping_status":"closed","template":"","meta":[],"product_cat":[144,134],"product_tag":[],"_links":{"self":[{"href":"https:\/\/www.livrariarema.com.br\/loja\/wp-json\/wp\/v2\/product\/292372"}],"collection":[{"href":"https:\/\/www.livrariarema.com.br\/loja\/wp-json\/wp\/v2\/product"}],"about":[{"href":"https:\/\/www.livrariarema.com.br\/loja\/wp-json\/wp\/v2\/types\/product"}],"replies":[{"embeddable":true,"href":"https:\/\/www.livrariarema.com.br\/loja\/wp-json\/wp\/v2\/comments?post=292372"}],"wp:featuredmedia":[{"embeddable":true,"href":"https:\/\/www.livrariarema.com.br\/loja\/wp-json\/wp\/v2\/media\/305038"}],"wp:attachment":[{"href":"https:\/\/www.livrariarema.com.br\/loja\/wp-json\/wp\/v2\/media?parent=292372"}],"wp:term":[{"taxonomy":"product_cat","embeddable":true,"href":"https:\/\/www.livrariarema.com.br\/loja\/wp-json\/wp\/v2\/product_cat?post=292372"},{"taxonomy":"product_tag","embeddable":true,"href":"https:\/\/www.livrariarema.com.br\/loja\/wp-json\/wp\/v2\/product_tag?post=292372"}],"curies":[{"name":"wp","href":"https:\/\/api.w.org\/{rel}","templated":true}]}}