{"id":292376,"date":"2024-04-18T15:16:36","date_gmt":"2024-04-18T18:16:36","guid":{"rendered":"https:\/\/www.livrariarema.com.br\/loja\/produtos\/sem categoria\/generosidade-de-um-menino-a-fernanda-santos\/"},"modified":"2025-07-08T07:37:25","modified_gmt":"2025-07-08T10:37:25","slug":"generosidade-de-um-menino-a-fernanda-santos","status":"publish","type":"product","link":"https:\/\/www.livrariarema.com.br\/loja\/produtos\/livros\/infantil\/generosidade-de-um-menino-a-fernanda-santos\/","title":{"rendered":"Generosidade De Um Menino, A &#8211; Fernanda Santos"},"content":{"rendered":"<p>Apresentamos hist\u00f3rias de her\u00f3is da f\u00e9 que, ainda crian\u00e7as, amaram e obedeceram a Deus, mostrando muitas virtudes em seu viver. <\/p>\n<p>Vejam a principal caracter\u00edstica de cada her\u00f3i da f\u00e9:<br \/>\nA Obedi\u00eancia de Isaque: Um Pai, Um Filho, Uma Alian\u00e7a Eterna<br \/>\nA Esperan\u00e7a de Miri\u00e3: A espera da liberdade prometida<br \/>\nA Fidelidade de Samuel: O menino que escolheu amar a Deus<br \/>\nA Coragem de Davi: O amoroso pastor de ovelhas<br \/>\nA Humildade de Josias: O menino rei que honrou a Deus<br \/>\nA Perseveran\u00e7a de Daniel e seus amigos: Preservando os mandamentos<br \/>\nA Generosidade do menino do lanche: A multiplica\u00e7\u00e3o dos p\u00e3es<br \/>\nAmor e F\u00e9 &#8211; Como Deus v\u00ea as crian\u00e7as<\/p>\n","protected":false},"excerpt":{"rendered":"<p>Apresentamos hist\u00f3rias de her\u00f3is da f\u00e9 que, ainda crian\u00e7as, amaram e obedeceram a Deus, mostrando muitas virtudes em seu viver.&hellip;<\/p>\n","protected":false},"featured_media":313512,"comment_status":"open","ping_status":"closed","template":"","meta":[],"product_cat":[144,134],"product_tag":[],"_links":{"self":[{"href":"https:\/\/www.livrariarema.com.br\/loja\/wp-json\/wp\/v2\/product\/292376"}],"collection":[{"href":"https:\/\/www.livrariarema.com.br\/loja\/wp-json\/wp\/v2\/product"}],"about":[{"href":"https:\/\/www.livrariarema.com.br\/loja\/wp-json\/wp\/v2\/types\/product"}],"replies":[{"embeddable":true,"href":"https:\/\/www.livrariarema.com.br\/loja\/wp-json\/wp\/v2\/comments?post=292376"}],"wp:featuredmedia":[{"embeddable":true,"href":"https:\/\/www.livrariarema.com.br\/loja\/wp-json\/wp\/v2\/media\/313512"}],"wp:attachment":[{"href":"https:\/\/www.livrariarema.com.br\/loja\/wp-json\/wp\/v2\/media?parent=292376"}],"wp:term":[{"taxonomy":"product_cat","embeddable":true,"href":"https:\/\/www.livrariarema.com.br\/loja\/wp-json\/wp\/v2\/product_cat?post=292376"},{"taxonomy":"product_tag","embeddable":true,"href":"https:\/\/www.livrariarema.com.br\/loja\/wp-json\/wp\/v2\/product_tag?post=292376"}],"curies":[{"name":"wp","href":"https:\/\/api.w.org\/{rel}","templated":true}]}}