{"id":292409,"date":"2024-04-19T08:22:51","date_gmt":"2024-04-19T11:22:51","guid":{"rendered":"https:\/\/www.livrariarema.com.br\/loja\/produtos\/sem categoria\/serie-retorno-ao-oeste-canadense-2-onde-a-confianca-reside-janette-oke-e-laurel-oke-logan\/"},"modified":"2025-05-17T10:10:28","modified_gmt":"2025-05-17T13:10:28","slug":"serie-retorno-ao-oeste-canadense-2-onde-a-confianca-reside-janette-oke-e-laurel-oke-logan","status":"publish","type":"product","link":"https:\/\/www.livrariarema.com.br\/loja\/produtos\/livros\/romance\/serie-retorno-ao-oeste-canadense-2-onde-a-confianca-reside-janette-oke-e-laurel-oke-logan\/","title":{"rendered":"S\u00e9rie Retorno Ao Oeste Canadense 2 &#8211; Onde A Confian\u00e7a Reside &#8211; Janette Oke E Laurel Oke Logan"},"content":{"rendered":"<p>Ela ama seus amigos e alunos no Leste, mas as obriga\u00e7\u00f5es familiares a chamaram de volta. Onde ela realmente pertence?<br \/>\nDepois de um ano ensinando no Oeste canadense, Beth Thatcher volta para casa; para sua fam\u00edlia. Ela mal tem tempo para se estabelecer antes de sua m\u00e3e anunciar planos para um feriado em fam\u00edlia &#8211; um passeio luxuoso de navio a vapor ao longo da costa leste do Canad\u00e1 e dos Estados Unidos. Na esperan\u00e7a de se reconectar com sua m\u00e3e e suas irm\u00e3s, Beth concorda em se juntar a eles, mas rapidamente percebe que as coisas mudaram desde que ela foi embora, e renovar seu v\u00ednculo familiar ser\u00e1 mais desafiador do que ela esperava.<\/p>\n<p>H\u00e1 uma coisa especial para esperar&#8230; cartas e telefonemas de Jarrick, o policial montado que roubou seu cora\u00e7\u00e3o. A dist\u00e2ncia entre eles \u00e9 quase imposs\u00edvel de suportar. Mas ela pode dar seu cora\u00e7\u00e3o para Jarrick quando isso significar\u00e1 dizer adeus \u00e0 sua fam\u00edlia mais uma vez &#8211; e possivelmente para sempre? E ser\u00e1 que ela ainda vai querer viver nas selvas ocidentais depois que a turn\u00ea de navios a vapor abre um mundo de pessoas e lugares que ela nunca imaginou?<\/p>\n<p>Ent\u00e3o vem um grande teste de f\u00e9 para Beth. Algu\u00e9m de sua fam\u00edlia confiou na pessoa errada, e de repente, tudo o que Beth sabe e ama desmorona. Dividida entre sua fam\u00edlia e seus sonhos, Beth finalmente descobrir\u00e1 onde seu cora\u00e7\u00e3o realmente pertence?<\/p>\n","protected":false},"excerpt":{"rendered":"<p>Ela ama seus amigos e alunos no Leste, mas as obriga\u00e7\u00f5es familiares a chamaram de volta. Onde ela realmente pertence?&hellip;<\/p>\n","protected":false},"featured_media":320520,"comment_status":"open","ping_status":"closed","template":"","meta":[],"product_cat":[134,182],"product_tag":[],"_links":{"self":[{"href":"https:\/\/www.livrariarema.com.br\/loja\/wp-json\/wp\/v2\/product\/292409"}],"collection":[{"href":"https:\/\/www.livrariarema.com.br\/loja\/wp-json\/wp\/v2\/product"}],"about":[{"href":"https:\/\/www.livrariarema.com.br\/loja\/wp-json\/wp\/v2\/types\/product"}],"replies":[{"embeddable":true,"href":"https:\/\/www.livrariarema.com.br\/loja\/wp-json\/wp\/v2\/comments?post=292409"}],"wp:featuredmedia":[{"embeddable":true,"href":"https:\/\/www.livrariarema.com.br\/loja\/wp-json\/wp\/v2\/media\/320520"}],"wp:attachment":[{"href":"https:\/\/www.livrariarema.com.br\/loja\/wp-json\/wp\/v2\/media?parent=292409"}],"wp:term":[{"taxonomy":"product_cat","embeddable":true,"href":"https:\/\/www.livrariarema.com.br\/loja\/wp-json\/wp\/v2\/product_cat?post=292409"},{"taxonomy":"product_tag","embeddable":true,"href":"https:\/\/www.livrariarema.com.br\/loja\/wp-json\/wp\/v2\/product_tag?post=292409"}],"curies":[{"name":"wp","href":"https:\/\/api.w.org\/{rel}","templated":true}]}}