{"id":292411,"date":"2024-04-19T08:22:59","date_gmt":"2024-04-19T11:22:59","guid":{"rendered":"https:\/\/www.livrariarema.com.br\/loja\/produtos\/sem categoria\/serie-retorno-ao-oeste-canadense-3-onde-a-esperanca-prevalece-janette-oke-e-laurel-oke-logan\/"},"modified":"2026-04-14T17:01:42","modified_gmt":"2026-04-14T20:01:42","slug":"serie-retorno-ao-oeste-canadense-3-onde-a-esperanca-prevalece-janette-oke-e-laurel-oke-logan","status":"publish","type":"product","link":"https:\/\/www.livrariarema.com.br\/loja\/produtos\/livros\/romance\/serie-retorno-ao-oeste-canadense-3-onde-a-esperanca-prevalece-janette-oke-e-laurel-oke-logan\/","title":{"rendered":"S\u00e9rie Retorno Ao Oeste Canadense 3 &#8211; Onde A Esperanca Prevalece &#8211; Janette Oke E Laurel Oke Logan"},"content":{"rendered":"<p>Ela se lan\u00e7a para o primeiro vislumbre da pequena cidade montanhosa que capturou seu cora\u00e7\u00e3o, mas algo mudou.<\/p>\n<p>O t\u00e3o esperado retorno de Elizabeth Thatcher \u00e0 amada Coal Valley depois de um longo ver\u00e3o com sua fam\u00edlia no leste est\u00e1 cheio de surpresas&#8230; E nem todas boas, pelo que ela percebia.<br \/>\nTalvez a pior de todas esteja relacionada com seus t\u00e3o amados alunos. Ela se adaptar\u00e1 e conseguir\u00e1 aprender a lidar com essa enorme mudan\u00e7a?<br \/>\nJarrick Thornton ainda n\u00e3o a pediu em casamento, mas ela j\u00e1 sabe qual ser\u00e1 sua resposta. Seus deveres o afastam do vale com muita frequ\u00eancia, na opini\u00e3o dela, mas os dois, com paci\u00eancia e compreens\u00e3o &#8211; e um mal-entendido significativo &#8211; est\u00e3o aprendendo a se conhecer melhor.<\/p>\n<p>Entretanto, a nuvem escura que se aproxima no horizonte enche a mente de Beth de perguntas sobre onde o futuro pode lev\u00e1-los. Como oficial da Real Pol\u00edcia Montada Canadense, Jarrick trabalha onde quer que seus superiores o enviem&#8230; mas, e seu cargo de professora em Coal Valley?<br \/>\nBeth tenta fazer o seu melhor com cada obst\u00e1culo que enfrenta, mas ela avalia com raz\u00e3o cada situa\u00e7\u00e3o \u00e0 medida que ela aparece? Boas inten\u00e7\u00f5es nem sempre levam a bons resultados&#8230;<\/p>\n","protected":false},"excerpt":{"rendered":"<p>Ela se lan\u00e7a para o primeiro vislumbre da pequena cidade montanhosa que capturou seu cora\u00e7\u00e3o, mas algo mudou. O t\u00e3o&hellip;<\/p>\n","protected":false},"featured_media":320765,"comment_status":"open","ping_status":"closed","template":"","meta":[],"product_cat":[134,182],"product_tag":[],"_links":{"self":[{"href":"https:\/\/www.livrariarema.com.br\/loja\/wp-json\/wp\/v2\/product\/292411"}],"collection":[{"href":"https:\/\/www.livrariarema.com.br\/loja\/wp-json\/wp\/v2\/product"}],"about":[{"href":"https:\/\/www.livrariarema.com.br\/loja\/wp-json\/wp\/v2\/types\/product"}],"replies":[{"embeddable":true,"href":"https:\/\/www.livrariarema.com.br\/loja\/wp-json\/wp\/v2\/comments?post=292411"}],"wp:featuredmedia":[{"embeddable":true,"href":"https:\/\/www.livrariarema.com.br\/loja\/wp-json\/wp\/v2\/media\/320765"}],"wp:attachment":[{"href":"https:\/\/www.livrariarema.com.br\/loja\/wp-json\/wp\/v2\/media?parent=292411"}],"wp:term":[{"taxonomy":"product_cat","embeddable":true,"href":"https:\/\/www.livrariarema.com.br\/loja\/wp-json\/wp\/v2\/product_cat?post=292411"},{"taxonomy":"product_tag","embeddable":true,"href":"https:\/\/www.livrariarema.com.br\/loja\/wp-json\/wp\/v2\/product_tag?post=292411"}],"curies":[{"name":"wp","href":"https:\/\/api.w.org\/{rel}","templated":true}]}}