{"id":292419,"date":"2024-04-19T08:23:39","date_gmt":"2024-04-19T11:23:39","guid":{"rendered":"https:\/\/www.livrariarema.com.br\/loja\/produtos\/sem categoria\/serie-oeste-canadense-1-quando-chama-o-coracao-janette-oke\/"},"modified":"2025-02-28T16:20:09","modified_gmt":"2025-02-28T19:20:09","slug":"serie-oeste-canadense-1-quando-chama-o-coracao-janette-oke","status":"publish","type":"product","link":"https:\/\/www.livrariarema.com.br\/loja\/produtos\/livros\/romance\/serie-oeste-canadense-1-quando-chama-o-coracao-janette-oke\/","title":{"rendered":"S\u00e9rie Oeste Canadense 1 &#8211; Quando Chama O Cora\u00e7\u00e3o &#8211; Janette Oke"},"content":{"rendered":"<p>Nada em sua privilegiada educa\u00e7\u00e3o preparou Elizabeth para os desafios da vida na fronteira &#8230;<\/p>\n<p>Elizabeth Thatcher \u00e9 jovem, bonita, culta e educada. Mas quando viaja para o Oeste para ensinar na escola no sop\u00e9 das Montanhas Rochosas canadenses, ela est\u00e1 completamente despreparada para as condi\u00e7\u00f5es que encontra. Ainda assim, ela est\u00e1 determinada a ser bem-sucedida na formid\u00e1vel tarefa de se adaptar aos local e moldar os cora\u00e7\u00f5es e mentes dos alunos sob seus cuidados.<\/p>\n<p>Ela est\u00e1 igualmente determinada a n\u00e3o entregar seu cora\u00e7\u00e3o a nenhum dos homens da fronteira local. At\u00e9 conhecer um membro da Real Pol\u00edcia Montada do Canad\u00e1&#8230;<\/p>\n","protected":false},"excerpt":{"rendered":"<p>Nada em sua privilegiada educa\u00e7\u00e3o preparou Elizabeth para os desafios da vida na fronteira &#8230; Elizabeth Thatcher \u00e9 jovem, bonita,&hellip;<\/p>\n","protected":false},"featured_media":322147,"comment_status":"open","ping_status":"closed","template":"","meta":[],"product_cat":[134,182],"product_tag":[],"_links":{"self":[{"href":"https:\/\/www.livrariarema.com.br\/loja\/wp-json\/wp\/v2\/product\/292419"}],"collection":[{"href":"https:\/\/www.livrariarema.com.br\/loja\/wp-json\/wp\/v2\/product"}],"about":[{"href":"https:\/\/www.livrariarema.com.br\/loja\/wp-json\/wp\/v2\/types\/product"}],"replies":[{"embeddable":true,"href":"https:\/\/www.livrariarema.com.br\/loja\/wp-json\/wp\/v2\/comments?post=292419"}],"wp:featuredmedia":[{"embeddable":true,"href":"https:\/\/www.livrariarema.com.br\/loja\/wp-json\/wp\/v2\/media\/322147"}],"wp:attachment":[{"href":"https:\/\/www.livrariarema.com.br\/loja\/wp-json\/wp\/v2\/media?parent=292419"}],"wp:term":[{"taxonomy":"product_cat","embeddable":true,"href":"https:\/\/www.livrariarema.com.br\/loja\/wp-json\/wp\/v2\/product_cat?post=292419"},{"taxonomy":"product_tag","embeddable":true,"href":"https:\/\/www.livrariarema.com.br\/loja\/wp-json\/wp\/v2\/product_tag?post=292419"}],"curies":[{"name":"wp","href":"https:\/\/api.w.org\/{rel}","templated":true}]}}