{"id":292633,"date":"2024-04-19T15:38:53","date_gmt":"2024-04-19T18:38:53","guid":{"rendered":"https:\/\/www.livrariarema.com.br\/loja\/produtos\/sem%20categoria\/pequeno-manual-do-ministerio-infantil-sandra-mara-cardoso-martins\/"},"modified":"2025-02-27T09:25:49","modified_gmt":"2025-02-27T12:25:49","slug":"pequeno-manual-do-ministerio-infantil-sandra-mara-cardoso-martins","status":"publish","type":"product","link":"https:\/\/www.livrariarema.com.br\/loja\/produtos\/livros\/ministerio\/pequeno-manual-do-ministerio-infantil-sandra-mara-cardoso-martins\/","title":{"rendered":"Pequeno Manual Do Minist\u00e9rio Infantil &#8211; Sandra Mara Cardoso Martins"},"content":{"rendered":"<p>O Minist\u00e9rio Infantil deve ser a &#8220;menina dos olhos&#8221; da igreja. Os melhores professores devem fazer parte dele, pois \u00e9 nossa responsabilidade ensinar a Palavra de Deus aos pequeninos, e Ele nos pedir\u00e1 conta disso. A ordem de Jesus \u00e9 muito clara: &#8220;Ide por todo o mundo e pregai o evangelho a toda criatura.&#8221; (Marcos 16:15). A B\u00edblia, a Palavra de Deus, nos manda pregar o Evangelho a toda criatura. Isso quer dizer que n\u00e3o s\u00e3o somente os adultos que devem ser alcan\u00e7ados pelo Evangelho, mas as crian\u00e7as tamb\u00e9m. Portanto, aquele que serve ou vai servir no Minist\u00e9rio Infantil deve estar apto para evangelizar os pequeninos.<\/p>\n","protected":false},"excerpt":{"rendered":"<p>O Minist\u00e9rio Infantil deve ser a &#8220;menina dos olhos&#8221; da igreja. Os melhores professores devem fazer parte dele, pois \u00e9&hellip;<\/p>\n","protected":false},"featured_media":326453,"comment_status":"open","ping_status":"closed","template":"","meta":[],"product_cat":[134,148],"product_tag":[],"_links":{"self":[{"href":"https:\/\/www.livrariarema.com.br\/loja\/wp-json\/wp\/v2\/product\/292633"}],"collection":[{"href":"https:\/\/www.livrariarema.com.br\/loja\/wp-json\/wp\/v2\/product"}],"about":[{"href":"https:\/\/www.livrariarema.com.br\/loja\/wp-json\/wp\/v2\/types\/product"}],"replies":[{"embeddable":true,"href":"https:\/\/www.livrariarema.com.br\/loja\/wp-json\/wp\/v2\/comments?post=292633"}],"wp:featuredmedia":[{"embeddable":true,"href":"https:\/\/www.livrariarema.com.br\/loja\/wp-json\/wp\/v2\/media\/326453"}],"wp:attachment":[{"href":"https:\/\/www.livrariarema.com.br\/loja\/wp-json\/wp\/v2\/media?parent=292633"}],"wp:term":[{"taxonomy":"product_cat","embeddable":true,"href":"https:\/\/www.livrariarema.com.br\/loja\/wp-json\/wp\/v2\/product_cat?post=292633"},{"taxonomy":"product_tag","embeddable":true,"href":"https:\/\/www.livrariarema.com.br\/loja\/wp-json\/wp\/v2\/product_tag?post=292633"}],"curies":[{"name":"wp","href":"https:\/\/api.w.org\/{rel}","templated":true}]}}