{"id":292655,"date":"2024-04-19T15:40:13","date_gmt":"2024-04-19T18:40:13","guid":{"rendered":"https:\/\/www.livrariarema.com.br\/loja\/produtos\/sem%20categoria\/principios-do-reino-para-resultados-irrefutaveis-patience-rose\/"},"modified":"2024-08-24T09:07:40","modified_gmt":"2024-08-24T12:07:40","slug":"principios-do-reino-para-resultados-irrefutaveis-patience-rose","status":"publish","type":"product","link":"https:\/\/www.livrariarema.com.br\/loja\/produtos\/livros\/vida-crista\/principios-do-reino-para-resultados-irrefutaveis-patience-rose\/","title":{"rendered":"Princ\u00edpios Do Reino Para Resultados Irrefut\u00e1veis &#8211; Patience Rose"},"content":{"rendered":"<p>Irrefut\u00e1vel significa algo indiscut\u00edvel, incontest\u00e1vel, que n\u00e3o \u00e9 suscet\u00edvel de ser questionado. Em outras palavras, \u00e9 algo estabelecido como verdade sem d\u00favidas, incapaz de ser derrubado por qualquer evid\u00eancia. Uma defini\u00e7\u00e3o para o irrefut\u00e1vel \u00e9 &#8220;aquilo que \u00e9 incapaz de ser negado&#8221;. Produtores e criadores orientados para resultados conquistam o que planejam, n\u00e3o importa qu\u00e3o dif\u00edcil possa parecer a princ\u00edpio. Eles alcan\u00e7am o resultado ou efeito desejado preparando, organizando e reunindo uma s\u00e9rie de causas que produzir\u00e3o o efeito desejado ou pretendido. Eles produzem\/criam efeitos que permanecem, independentemente das circunst\u00e2ncias, condi\u00e7\u00f5es ou obst\u00e1culos que surgirem. <\/p>\n<p>Patience Rose \u00e9 uma arquiteta de produtos, processos e programas. Ela concebe o projeto, sua raz\u00e3o e a maneira como ele pode ser mantido. Ela \u00e9 veterana no campo da educa\u00e7\u00e3o; j\u00e1 lecionou para pr\u00e9-escolares, alunos do Ensino Fundamental e M\u00e9dio e tamb\u00e9m para universit\u00e1rios. <\/p>\n<p>Atualmente, ela serve ao pr\u00f3ximo como Consultora e Coach de Neg\u00f3cios certificada, Designer Instrucional e Especialista em e-Learning, \u00e9 certificada em Musicoterapia, Terapia de Relaxamento e tamb\u00e9m em Sa\u00fade e Nutri\u00e7\u00e3o.<\/p>\n<p>\u00c9 CEO de uma organiza\u00e7\u00e3o multinacional sem fins lucrativos que fornece servi\u00e7os de apoio educacional, desenvolvimento profissional, pessoal e de neg\u00f3cios. \u00c9 pastora administrativa de uma igreja local no sul da Calif\u00f3rnia, e reitora de um instituto de minist\u00e9rio transnacional. Mais de 250 neg\u00f3cios, produtos e servi\u00e7os j\u00e1 chegaram ao mercado de forma sustent\u00e1vel desde 2017, resultado de seus processos comprovados e aperfei\u00e7oados.<br \/>\nPatience \u00e9 esposa do pastor, autor, palestrante e cineasta Howard Rose Jr., m\u00e3e de cinco lindas filhas e av\u00f3 de sete netos. <\/p>\n","protected":false},"excerpt":{"rendered":"<p>Irrefut\u00e1vel significa algo indiscut\u00edvel, incontest\u00e1vel, que n\u00e3o \u00e9 suscet\u00edvel de ser questionado. Em outras palavras, \u00e9 algo estabelecido como verdade&hellip;<\/p>\n","protected":false},"featured_media":312485,"comment_status":"open","ping_status":"closed","template":"","meta":[],"product_cat":[134,137],"product_tag":[],"_links":{"self":[{"href":"https:\/\/www.livrariarema.com.br\/loja\/wp-json\/wp\/v2\/product\/292655"}],"collection":[{"href":"https:\/\/www.livrariarema.com.br\/loja\/wp-json\/wp\/v2\/product"}],"about":[{"href":"https:\/\/www.livrariarema.com.br\/loja\/wp-json\/wp\/v2\/types\/product"}],"replies":[{"embeddable":true,"href":"https:\/\/www.livrariarema.com.br\/loja\/wp-json\/wp\/v2\/comments?post=292655"}],"wp:featuredmedia":[{"embeddable":true,"href":"https:\/\/www.livrariarema.com.br\/loja\/wp-json\/wp\/v2\/media\/312485"}],"wp:attachment":[{"href":"https:\/\/www.livrariarema.com.br\/loja\/wp-json\/wp\/v2\/media?parent=292655"}],"wp:term":[{"taxonomy":"product_cat","embeddable":true,"href":"https:\/\/www.livrariarema.com.br\/loja\/wp-json\/wp\/v2\/product_cat?post=292655"},{"taxonomy":"product_tag","embeddable":true,"href":"https:\/\/www.livrariarema.com.br\/loja\/wp-json\/wp\/v2\/product_tag?post=292655"}],"curies":[{"name":"wp","href":"https:\/\/api.w.org\/{rel}","templated":true}]}}