{"id":292847,"date":"2024-04-22T12:35:52","date_gmt":"2024-04-22T15:35:52","guid":{"rendered":"https:\/\/www.livrariarema.com.br\/loja\/produtos\/sem categoria\/biblia-infantil-3-palavrinhas\/"},"modified":"2026-03-06T16:50:49","modified_gmt":"2026-03-06T19:50:49","slug":"biblia-infantil-3-palavrinhas","status":"publish","type":"product","link":"https:\/\/www.livrariarema.com.br\/loja\/produtos\/livros\/infantil\/biblia-infantil-3-palavrinhas\/","title":{"rendered":"B\u00edblia Infantil &#8211; 3 Palavrinhas"},"content":{"rendered":"<p>Conhe\u00e7a lindas hist\u00f3rias do Antigo e Novo Testamento! Junto da Turma de 3 Palavrinhas, voc\u00ea vai descobrir os ensinamentos de Jesus e aprender valores como bondade e compaix\u00e3o.<\/p>\n","protected":false},"excerpt":{"rendered":"<p>Conhe\u00e7a lindas hist\u00f3rias do Antigo e Novo Testamento! Junto da Turma de 3 Palavrinhas, voc\u00ea vai descobrir os ensinamentos de&hellip;<\/p>\n","protected":false},"featured_media":341205,"comment_status":"open","ping_status":"closed","template":"","meta":[],"product_cat":[144,134],"product_tag":[],"_links":{"self":[{"href":"https:\/\/www.livrariarema.com.br\/loja\/wp-json\/wp\/v2\/product\/292847"}],"collection":[{"href":"https:\/\/www.livrariarema.com.br\/loja\/wp-json\/wp\/v2\/product"}],"about":[{"href":"https:\/\/www.livrariarema.com.br\/loja\/wp-json\/wp\/v2\/types\/product"}],"replies":[{"embeddable":true,"href":"https:\/\/www.livrariarema.com.br\/loja\/wp-json\/wp\/v2\/comments?post=292847"}],"wp:featuredmedia":[{"embeddable":true,"href":"https:\/\/www.livrariarema.com.br\/loja\/wp-json\/wp\/v2\/media\/341205"}],"wp:attachment":[{"href":"https:\/\/www.livrariarema.com.br\/loja\/wp-json\/wp\/v2\/media?parent=292847"}],"wp:term":[{"taxonomy":"product_cat","embeddable":true,"href":"https:\/\/www.livrariarema.com.br\/loja\/wp-json\/wp\/v2\/product_cat?post=292847"},{"taxonomy":"product_tag","embeddable":true,"href":"https:\/\/www.livrariarema.com.br\/loja\/wp-json\/wp\/v2\/product_tag?post=292847"}],"curies":[{"name":"wp","href":"https:\/\/api.w.org\/{rel}","templated":true}]}}