{"id":292883,"date":"2024-04-22T12:38:49","date_gmt":"2024-04-22T15:38:49","guid":{"rendered":"https:\/\/www.livrariarema.com.br\/loja\/produtos\/sem categoria\/caneta-magica-letra-bastao\/"},"modified":"2024-10-09T11:16:42","modified_gmt":"2024-10-09T14:16:42","slug":"caneta-magica-letra-bastao","status":"publish","type":"product","link":"https:\/\/www.livrariarema.com.br\/loja\/produtos\/livros\/infantil\/caneta-magica-letra-bastao\/","title":{"rendered":"Caneta M\u00e1gica &#8211; Letra Bast\u00e3o"},"content":{"rendered":"<p>Este livro cont\u00e9m atividades que ensinam a escrita da letra bast\u00e3o. A tinta especial da caneta faz com que o livro seja reutiliz\u00e1vel: depois de um tempo, ela apaga sozinha e com isso a atividade pode ser praticada muitas vezes. As p\u00e1ginas s\u00e3o em baixo relevo, o que facilita o contorno das letras.<\/p>\n","protected":false},"excerpt":{"rendered":"<p>Este livro cont\u00e9m atividades que ensinam a escrita da letra bast\u00e3o. A tinta especial da caneta faz com que o&hellip;<\/p>\n","protected":false},"featured_media":319163,"comment_status":"open","ping_status":"closed","template":"","meta":[],"product_cat":[144,134],"product_tag":[],"_links":{"self":[{"href":"https:\/\/www.livrariarema.com.br\/loja\/wp-json\/wp\/v2\/product\/292883"}],"collection":[{"href":"https:\/\/www.livrariarema.com.br\/loja\/wp-json\/wp\/v2\/product"}],"about":[{"href":"https:\/\/www.livrariarema.com.br\/loja\/wp-json\/wp\/v2\/types\/product"}],"replies":[{"embeddable":true,"href":"https:\/\/www.livrariarema.com.br\/loja\/wp-json\/wp\/v2\/comments?post=292883"}],"wp:featuredmedia":[{"embeddable":true,"href":"https:\/\/www.livrariarema.com.br\/loja\/wp-json\/wp\/v2\/media\/319163"}],"wp:attachment":[{"href":"https:\/\/www.livrariarema.com.br\/loja\/wp-json\/wp\/v2\/media?parent=292883"}],"wp:term":[{"taxonomy":"product_cat","embeddable":true,"href":"https:\/\/www.livrariarema.com.br\/loja\/wp-json\/wp\/v2\/product_cat?post=292883"},{"taxonomy":"product_tag","embeddable":true,"href":"https:\/\/www.livrariarema.com.br\/loja\/wp-json\/wp\/v2\/product_tag?post=292883"}],"curies":[{"name":"wp","href":"https:\/\/api.w.org\/{rel}","templated":true}]}}