{"id":292889,"date":"2024-04-22T12:39:09","date_gmt":"2024-04-22T15:39:09","guid":{"rendered":"https:\/\/www.livrariarema.com.br\/loja\/produtos\/sem categoria\/caneta-magica-matematica\/"},"modified":"2024-10-09T11:16:57","modified_gmt":"2024-10-09T14:16:57","slug":"caneta-magica-matematica","status":"publish","type":"product","link":"https:\/\/www.livrariarema.com.br\/loja\/produtos\/livros\/infantil\/caneta-magica-matematica\/","title":{"rendered":"Caneta M\u00e1gica &#8211; Matem\u00e1tica"},"content":{"rendered":"<p>Este livro cont\u00e9m atividades que ensinam os primeiros conceitos matem\u00e1ticos, adi\u00e7\u00e3o e subtra\u00e7\u00e3o. A tinta especial da caneta faz com que o livro seja reutiliz\u00e1vel: depois de um tempo, ela apaga sozinha, e com isso a atividade pode ser praticada muitas vezes. As p\u00e1ginas s\u00e3o embaixo relevo, o que facilita o treino da escrita.<\/p>\n","protected":false},"excerpt":{"rendered":"<p>Este livro cont\u00e9m atividades que ensinam os primeiros conceitos matem\u00e1ticos, adi\u00e7\u00e3o e subtra\u00e7\u00e3o. A tinta especial da caneta faz com&hellip;<\/p>\n","protected":false},"featured_media":319165,"comment_status":"open","ping_status":"closed","template":"","meta":[],"product_cat":[144,134],"product_tag":[],"_links":{"self":[{"href":"https:\/\/www.livrariarema.com.br\/loja\/wp-json\/wp\/v2\/product\/292889"}],"collection":[{"href":"https:\/\/www.livrariarema.com.br\/loja\/wp-json\/wp\/v2\/product"}],"about":[{"href":"https:\/\/www.livrariarema.com.br\/loja\/wp-json\/wp\/v2\/types\/product"}],"replies":[{"embeddable":true,"href":"https:\/\/www.livrariarema.com.br\/loja\/wp-json\/wp\/v2\/comments?post=292889"}],"wp:featuredmedia":[{"embeddable":true,"href":"https:\/\/www.livrariarema.com.br\/loja\/wp-json\/wp\/v2\/media\/319165"}],"wp:attachment":[{"href":"https:\/\/www.livrariarema.com.br\/loja\/wp-json\/wp\/v2\/media?parent=292889"}],"wp:term":[{"taxonomy":"product_cat","embeddable":true,"href":"https:\/\/www.livrariarema.com.br\/loja\/wp-json\/wp\/v2\/product_cat?post=292889"},{"taxonomy":"product_tag","embeddable":true,"href":"https:\/\/www.livrariarema.com.br\/loja\/wp-json\/wp\/v2\/product_tag?post=292889"}],"curies":[{"name":"wp","href":"https:\/\/api.w.org\/{rel}","templated":true}]}}