{"id":292958,"date":"2024-04-23T11:25:05","date_gmt":"2024-04-23T14:25:05","guid":{"rendered":"https:\/\/www.livrariarema.com.br\/loja\/produtos\/sem categoria\/livro-brinquedo-livro-aquagame-brincando-com-os-amigos-amigos-fantasticos\/"},"modified":"2025-09-11T15:41:20","modified_gmt":"2025-09-11T18:41:20","slug":"livro-brinquedo-livro-aquagame-brincando-com-os-amigos-amigos-fantasticos","status":"publish","type":"product","link":"https:\/\/www.livrariarema.com.br\/loja\/produtos\/livros\/infantil\/livro-brinquedo-livro-aquagame-brincando-com-os-amigos-amigos-fantasticos\/","title":{"rendered":"Livro Brinquedo-Livro + Aquagame &#8211; Brincando Com Os Amigos &#8211; Amigos Fant\u00e1sticos"},"content":{"rendered":"<p>Teste suas habilidades jogando com os amigos fant\u00e1sticos. Colete as argolas, ganhe os pr\u00eamios e desbloqueie todos os n\u00edveis. Vamos jogar?<\/p>\n","protected":false},"excerpt":{"rendered":"<p>Teste suas habilidades jogando com os amigos fant\u00e1sticos. Colete as argolas, ganhe os pr\u00eamios e desbloqueie todos os n\u00edveis. Vamos&hellip;<\/p>\n","protected":false},"featured_media":329302,"comment_status":"open","ping_status":"closed","template":"","meta":[],"product_cat":[144,134],"product_tag":[],"_links":{"self":[{"href":"https:\/\/www.livrariarema.com.br\/loja\/wp-json\/wp\/v2\/product\/292958"}],"collection":[{"href":"https:\/\/www.livrariarema.com.br\/loja\/wp-json\/wp\/v2\/product"}],"about":[{"href":"https:\/\/www.livrariarema.com.br\/loja\/wp-json\/wp\/v2\/types\/product"}],"replies":[{"embeddable":true,"href":"https:\/\/www.livrariarema.com.br\/loja\/wp-json\/wp\/v2\/comments?post=292958"}],"wp:featuredmedia":[{"embeddable":true,"href":"https:\/\/www.livrariarema.com.br\/loja\/wp-json\/wp\/v2\/media\/329302"}],"wp:attachment":[{"href":"https:\/\/www.livrariarema.com.br\/loja\/wp-json\/wp\/v2\/media?parent=292958"}],"wp:term":[{"taxonomy":"product_cat","embeddable":true,"href":"https:\/\/www.livrariarema.com.br\/loja\/wp-json\/wp\/v2\/product_cat?post=292958"},{"taxonomy":"product_tag","embeddable":true,"href":"https:\/\/www.livrariarema.com.br\/loja\/wp-json\/wp\/v2\/product_tag?post=292958"}],"curies":[{"name":"wp","href":"https:\/\/api.w.org\/{rel}","templated":true}]}}