{"id":292962,"date":"2024-04-23T11:25:17","date_gmt":"2024-04-23T14:25:17","guid":{"rendered":"https:\/\/www.livrariarema.com.br\/loja\/produtos\/sem categoria\/cartonado-com-alca-espie-e-encontre-biblicos-o-nascimento-de-jesus\/"},"modified":"2025-12-18T15:40:55","modified_gmt":"2025-12-18T18:40:55","slug":"cartonado-com-alca-espie-e-encontre-biblicos-o-nascimento-de-jesus","status":"publish","type":"product","link":"https:\/\/www.livrariarema.com.br\/loja\/produtos\/livros\/infantil\/cartonado-com-alca-espie-e-encontre-biblicos-o-nascimento-de-jesus\/","title":{"rendered":"Cartonado Com Al\u00e7a &#8211; Espie E Encontre &#8211; B\u00edblicos &#8211; O Nascimento De Jesus"},"content":{"rendered":"<p>Leia o texto rimado e espie pelas janelas de cada p\u00e1gina para conhecer a hist\u00f3ria do nascimento de Jesus.<\/p>\n","protected":false},"excerpt":{"rendered":"<p>Leia o texto rimado e espie pelas janelas de cada p\u00e1gina para conhecer a hist\u00f3ria do nascimento de Jesus.<\/p>\n","protected":false},"featured_media":329304,"comment_status":"open","ping_status":"closed","template":"","meta":[],"product_cat":[144,134],"product_tag":[],"_links":{"self":[{"href":"https:\/\/www.livrariarema.com.br\/loja\/wp-json\/wp\/v2\/product\/292962"}],"collection":[{"href":"https:\/\/www.livrariarema.com.br\/loja\/wp-json\/wp\/v2\/product"}],"about":[{"href":"https:\/\/www.livrariarema.com.br\/loja\/wp-json\/wp\/v2\/types\/product"}],"replies":[{"embeddable":true,"href":"https:\/\/www.livrariarema.com.br\/loja\/wp-json\/wp\/v2\/comments?post=292962"}],"wp:featuredmedia":[{"embeddable":true,"href":"https:\/\/www.livrariarema.com.br\/loja\/wp-json\/wp\/v2\/media\/329304"}],"wp:attachment":[{"href":"https:\/\/www.livrariarema.com.br\/loja\/wp-json\/wp\/v2\/media?parent=292962"}],"wp:term":[{"taxonomy":"product_cat","embeddable":true,"href":"https:\/\/www.livrariarema.com.br\/loja\/wp-json\/wp\/v2\/product_cat?post=292962"},{"taxonomy":"product_tag","embeddable":true,"href":"https:\/\/www.livrariarema.com.br\/loja\/wp-json\/wp\/v2\/product_tag?post=292962"}],"curies":[{"name":"wp","href":"https:\/\/api.w.org\/{rel}","templated":true}]}}