{"id":292981,"date":"2024-04-23T12:57:52","date_gmt":"2024-04-23T15:57:52","guid":{"rendered":"https:\/\/www.livrariarema.com.br\/loja\/produtos\/sem categoria\/pop-up-livro-pop-up-biblicos-a-arca-de-noe\/"},"modified":"2025-04-25T16:03:19","modified_gmt":"2025-04-25T19:03:19","slug":"pop-up-livro-pop-up-biblicos-a-arca-de-noe","status":"publish","type":"product","link":"https:\/\/www.livrariarema.com.br\/loja\/produtos\/livros\/infantil\/pop-up-livro-pop-up-biblicos-a-arca-de-noe\/","title":{"rendered":"Pop-Up &#8211; Livro Pop-Up &#8211; B\u00edblicos &#8211; A Arca De No\u00e9"},"content":{"rendered":"<p>Junte-se a No\u00e9 e a todos os animais para entrar na arca! Com texto rimado e um pop-up fant\u00e1stico. Esta animada recontagem da conhecida hist\u00f3ria b\u00edblica da arca de No\u00e9 est\u00e1 repleta de animais e de divers\u00e3o!<\/p>\n","protected":false},"excerpt":{"rendered":"<p>Junte-se a No\u00e9 e a todos os animais para entrar na arca! Com texto rimado e um pop-up fant\u00e1stico. Esta&hellip;<\/p>\n","protected":false},"featured_media":293567,"comment_status":"open","ping_status":"closed","template":"","meta":[],"product_cat":[144,134],"product_tag":[],"_links":{"self":[{"href":"https:\/\/www.livrariarema.com.br\/loja\/wp-json\/wp\/v2\/product\/292981"}],"collection":[{"href":"https:\/\/www.livrariarema.com.br\/loja\/wp-json\/wp\/v2\/product"}],"about":[{"href":"https:\/\/www.livrariarema.com.br\/loja\/wp-json\/wp\/v2\/types\/product"}],"replies":[{"embeddable":true,"href":"https:\/\/www.livrariarema.com.br\/loja\/wp-json\/wp\/v2\/comments?post=292981"}],"wp:featuredmedia":[{"embeddable":true,"href":"https:\/\/www.livrariarema.com.br\/loja\/wp-json\/wp\/v2\/media\/293567"}],"wp:attachment":[{"href":"https:\/\/www.livrariarema.com.br\/loja\/wp-json\/wp\/v2\/media?parent=292981"}],"wp:term":[{"taxonomy":"product_cat","embeddable":true,"href":"https:\/\/www.livrariarema.com.br\/loja\/wp-json\/wp\/v2\/product_cat?post=292981"},{"taxonomy":"product_tag","embeddable":true,"href":"https:\/\/www.livrariarema.com.br\/loja\/wp-json\/wp\/v2\/product_tag?post=292981"}],"curies":[{"name":"wp","href":"https:\/\/api.w.org\/{rel}","templated":true}]}}