{"id":293012,"date":"2024-04-23T13:00:59","date_gmt":"2024-04-23T16:00:59","guid":{"rendered":"https:\/\/www.livrariarema.com.br\/loja\/produtos\/sem categoria\/o-profeta-amos-francine-rivers\/"},"modified":"2025-08-20T13:16:52","modified_gmt":"2025-08-20T16:16:52","slug":"o-profeta-amos-francine-rivers","status":"publish","type":"product","link":"https:\/\/www.livrariarema.com.br\/loja\/produtos\/livros\/romance\/o-profeta-amos-francine-rivers\/","title":{"rendered":"O Profeta: Am\u00f3s &#8211; Francine Rivers"},"content":{"rendered":"<p>Quarto livro da cole\u00e7\u00e3o Filhos da Coragem, Francine Rivers escreve brilhantemente esta fic\u00e7\u00e3o b\u00edblica hist\u00f3rica sobre Am\u00f3s, um dos profetas menos conhecidos do Antigo Testamento. A autora mostra como era o cotidiano entre 760-755 a.C., \u00e9poca em que os judeus se afastaram de Deus, adorando \u00eddolos, cometendo atos imorais, tornando-se gananciosos e n\u00e3o seguindo nenhuma das leis divinas. Am\u00f3s teve um enorme desafio, tentando fazer com que o povo de Deus percebesse que estava num caminho perdido e precisava se arrepender e voltar para Deus. Mais um livro poderoso baseado em estudos b\u00edblicos.<\/p>\n","protected":false},"excerpt":{"rendered":"<p>Quarto livro da cole\u00e7\u00e3o Filhos da Coragem, Francine Rivers escreve brilhantemente esta fic\u00e7\u00e3o b\u00edblica hist\u00f3rica sobre Am\u00f3s, um dos profetas&hellip;<\/p>\n","protected":false},"featured_media":335687,"comment_status":"open","ping_status":"closed","template":"","meta":[],"product_cat":[134,182],"product_tag":[],"_links":{"self":[{"href":"https:\/\/www.livrariarema.com.br\/loja\/wp-json\/wp\/v2\/product\/293012"}],"collection":[{"href":"https:\/\/www.livrariarema.com.br\/loja\/wp-json\/wp\/v2\/product"}],"about":[{"href":"https:\/\/www.livrariarema.com.br\/loja\/wp-json\/wp\/v2\/types\/product"}],"replies":[{"embeddable":true,"href":"https:\/\/www.livrariarema.com.br\/loja\/wp-json\/wp\/v2\/comments?post=293012"}],"wp:featuredmedia":[{"embeddable":true,"href":"https:\/\/www.livrariarema.com.br\/loja\/wp-json\/wp\/v2\/media\/335687"}],"wp:attachment":[{"href":"https:\/\/www.livrariarema.com.br\/loja\/wp-json\/wp\/v2\/media?parent=293012"}],"wp:term":[{"taxonomy":"product_cat","embeddable":true,"href":"https:\/\/www.livrariarema.com.br\/loja\/wp-json\/wp\/v2\/product_cat?post=293012"},{"taxonomy":"product_tag","embeddable":true,"href":"https:\/\/www.livrariarema.com.br\/loja\/wp-json\/wp\/v2\/product_tag?post=293012"}],"curies":[{"name":"wp","href":"https:\/\/api.w.org\/{rel}","templated":true}]}}