{"id":293051,"date":"2024-04-23T13:13:09","date_gmt":"2024-04-23T16:13:09","guid":{"rendered":"https:\/\/www.livrariarema.com.br\/loja\/produtos\/sem categoria\/autocontrole-augusto-cury\/"},"modified":"2025-11-24T12:29:40","modified_gmt":"2025-11-24T15:29:40","slug":"autocontrole-augusto-cury","status":"publish","type":"product","link":"https:\/\/www.livrariarema.com.br\/loja\/produtos\/livros\/motivacao\/autocontrole-augusto-cury\/","title":{"rendered":"Autocontrole &#8211; Augusto Cury"},"content":{"rendered":"<p>Quem conversa com o mundo, mas n\u00e3o conversa consigo mesmo, tem em si um inimigo. \u00c9 de extrema import\u00e2ncia se autoconhecer, pois assim \u00e9 poss\u00edvel superar as mis\u00e9rias ps\u00edquicas e se tornar mais humilde e tolerante. A maioria das pessoas, por\u00e9m, est\u00e1 acostumada apenas com o di\u00e1logo interpessoal, que \u00e9 supervalorizado, e se esquece de conversar consigo mesma. Neste livro, Augusto Cury orienta sobre como desenvolver o autodi\u00e1logo e, assim, nutrir a intelig\u00eancia socioemocional.<\/p>\n","protected":false},"excerpt":{"rendered":"<p>Quem conversa com o mundo, mas n\u00e3o conversa consigo mesmo, tem em si um inimigo. \u00c9 de extrema import\u00e2ncia se&hellip;<\/p>\n","protected":false},"featured_media":341327,"comment_status":"open","ping_status":"closed","template":"","meta":[],"product_cat":[134,211],"product_tag":[],"_links":{"self":[{"href":"https:\/\/www.livrariarema.com.br\/loja\/wp-json\/wp\/v2\/product\/293051"}],"collection":[{"href":"https:\/\/www.livrariarema.com.br\/loja\/wp-json\/wp\/v2\/product"}],"about":[{"href":"https:\/\/www.livrariarema.com.br\/loja\/wp-json\/wp\/v2\/types\/product"}],"replies":[{"embeddable":true,"href":"https:\/\/www.livrariarema.com.br\/loja\/wp-json\/wp\/v2\/comments?post=293051"}],"wp:featuredmedia":[{"embeddable":true,"href":"https:\/\/www.livrariarema.com.br\/loja\/wp-json\/wp\/v2\/media\/341327"}],"wp:attachment":[{"href":"https:\/\/www.livrariarema.com.br\/loja\/wp-json\/wp\/v2\/media?parent=293051"}],"wp:term":[{"taxonomy":"product_cat","embeddable":true,"href":"https:\/\/www.livrariarema.com.br\/loja\/wp-json\/wp\/v2\/product_cat?post=293051"},{"taxonomy":"product_tag","embeddable":true,"href":"https:\/\/www.livrariarema.com.br\/loja\/wp-json\/wp\/v2\/product_tag?post=293051"}],"curies":[{"name":"wp","href":"https:\/\/api.w.org\/{rel}","templated":true}]}}