{"id":293190,"date":"2024-04-23T13:28:30","date_gmt":"2024-04-23T16:28:30","guid":{"rendered":"https:\/\/www.livrariarema.com.br\/loja\/produtos\/sem categoria\/kit-livro-com-quebra-cabeca-para-ler-e-montar-numeros\/"},"modified":"2025-07-08T07:50:00","modified_gmt":"2025-07-08T10:50:00","slug":"kit-livro-com-quebra-cabeca-para-ler-e-montar-numeros","status":"publish","type":"product","link":"https:\/\/www.livrariarema.com.br\/loja\/produtos\/livros\/infantil\/kit-livro-com-quebra-cabeca-para-ler-e-montar-numeros\/","title":{"rendered":"Kit Livro Com Quebra-Cabe\u00e7a &#8211; Para Ler E Montar &#8211; N\u00fameros"},"content":{"rendered":"<p>Montar e ler nunca foi t\u00e3o divertido! Leia, brinque e aprenda.<\/p>\n","protected":false},"excerpt":{"rendered":"<p>Montar e ler nunca foi t\u00e3o divertido! Leia, brinque e aprenda.<\/p>\n","protected":false},"featured_media":299039,"comment_status":"open","ping_status":"closed","template":"","meta":[],"product_cat":[144,134],"product_tag":[],"_links":{"self":[{"href":"https:\/\/www.livrariarema.com.br\/loja\/wp-json\/wp\/v2\/product\/293190"}],"collection":[{"href":"https:\/\/www.livrariarema.com.br\/loja\/wp-json\/wp\/v2\/product"}],"about":[{"href":"https:\/\/www.livrariarema.com.br\/loja\/wp-json\/wp\/v2\/types\/product"}],"replies":[{"embeddable":true,"href":"https:\/\/www.livrariarema.com.br\/loja\/wp-json\/wp\/v2\/comments?post=293190"}],"wp:featuredmedia":[{"embeddable":true,"href":"https:\/\/www.livrariarema.com.br\/loja\/wp-json\/wp\/v2\/media\/299039"}],"wp:attachment":[{"href":"https:\/\/www.livrariarema.com.br\/loja\/wp-json\/wp\/v2\/media?parent=293190"}],"wp:term":[{"taxonomy":"product_cat","embeddable":true,"href":"https:\/\/www.livrariarema.com.br\/loja\/wp-json\/wp\/v2\/product_cat?post=293190"},{"taxonomy":"product_tag","embeddable":true,"href":"https:\/\/www.livrariarema.com.br\/loja\/wp-json\/wp\/v2\/product_tag?post=293190"}],"curies":[{"name":"wp","href":"https:\/\/api.w.org\/{rel}","templated":true}]}}