{"id":293851,"date":"2024-04-26T11:46:34","date_gmt":"2024-04-26T14:46:34","guid":{"rendered":"https:\/\/www.livrariarema.com.br\/loja\/produtos\/sem categoria\/biblia-a-mensagem-letra-gigante-vermelha\/"},"modified":"2026-03-13T18:32:12","modified_gmt":"2026-03-13T21:32:12","slug":"biblia-a-mensagem-letra-gigante-vermelha","status":"publish","type":"product","link":"https:\/\/www.livrariarema.com.br\/loja\/produtos\/biblias\/a-mensagem\/biblia-a-mensagem-letra-gigante-vermelha\/","title":{"rendered":"Biblia &#8211; A Mensagem &#8211; Letra Gigante &#8211; Vermelha"},"content":{"rendered":"<p>A Mensagem \u00e9 uma B\u00edblia de leitura. O objetivo deste texto \u00e9 apenas levar as pessoas a ler, pessoas que n\u00e3o sabem que a B\u00edblia \u00e9 um livro para ser lido &#8211; pelo menos por elas &#8211; e pessoas que perderam h\u00e1 muito tempo o interesse pelas Escrituras. Estilo e recursos de estudo adicionais fazem de A Mensagem a tradu\u00e7\u00e3o contempor\u00e2nea preferida na modernidade. Tudo isso, aliado \u00e0 linguagem cotidiana, proporciona uma experi\u00eancia de leitura din\u00e2mica e surpreendente da B\u00edblia que voc\u00ea j\u00e1 conhece. O trabalho de Eugene Peterson foi completamente revisado por uma equipe de renomados acad\u00eamicos do Antigo Testamento e do Novo Testamento, que garantem sua precis\u00e3o e fidelidade \u00e0s l\u00ednguas originais.<\/p>\n","protected":false},"excerpt":{"rendered":"<p>A Mensagem \u00e9 uma B\u00edblia de leitura. O objetivo deste texto \u00e9 apenas levar as pessoas a ler, pessoas que&hellip;<\/p>\n","protected":false},"featured_media":345872,"comment_status":"open","ping_status":"closed","template":"","meta":[],"product_cat":[167,139],"product_tag":[],"_links":{"self":[{"href":"https:\/\/www.livrariarema.com.br\/loja\/wp-json\/wp\/v2\/product\/293851"}],"collection":[{"href":"https:\/\/www.livrariarema.com.br\/loja\/wp-json\/wp\/v2\/product"}],"about":[{"href":"https:\/\/www.livrariarema.com.br\/loja\/wp-json\/wp\/v2\/types\/product"}],"replies":[{"embeddable":true,"href":"https:\/\/www.livrariarema.com.br\/loja\/wp-json\/wp\/v2\/comments?post=293851"}],"wp:featuredmedia":[{"embeddable":true,"href":"https:\/\/www.livrariarema.com.br\/loja\/wp-json\/wp\/v2\/media\/345872"}],"wp:attachment":[{"href":"https:\/\/www.livrariarema.com.br\/loja\/wp-json\/wp\/v2\/media?parent=293851"}],"wp:term":[{"taxonomy":"product_cat","embeddable":true,"href":"https:\/\/www.livrariarema.com.br\/loja\/wp-json\/wp\/v2\/product_cat?post=293851"},{"taxonomy":"product_tag","embeddable":true,"href":"https:\/\/www.livrariarema.com.br\/loja\/wp-json\/wp\/v2\/product_tag?post=293851"}],"curies":[{"name":"wp","href":"https:\/\/api.w.org\/{rel}","templated":true}]}}