{"id":293871,"date":"2024-04-26T11:48:11","date_gmt":"2024-04-26T14:48:11","guid":{"rendered":"https:\/\/www.livrariarema.com.br\/loja\/produtos\/sem%20categoria\/familias-indestrutiveis-rafael-nery\/"},"modified":"2025-05-08T14:16:55","modified_gmt":"2025-05-08T17:16:55","slug":"familias-indestrutiveis-rafael-nery","status":"publish","type":"product","link":"https:\/\/www.livrariarema.com.br\/loja\/produtos\/livros\/familia\/familias-indestrutiveis-rafael-nery\/","title":{"rendered":"Fam\u00edlias Indestrut\u00edveis &#8211; Rafael Nery"},"content":{"rendered":"<p>&#8220;Fam\u00edlias Indestrut\u00edveis&#8221; \u00e9 um livro do pastor Rafael Moura Nery que explora a relev\u00e2ncia duradoura do casamento, fundamentando-o nas Escrituras Sagradas. Com base em sua profunda erudi\u00e7\u00e3o e testemunho eloquente, o autor destaca a complexidade e a sacralidade dessa institui\u00e7\u00e3o, ancorada na rela\u00e7\u00e3o entre Cristo e a igreja. Nery, um ex-militar que escolheu o minist\u00e9rio pastoral, compartilha insights valiosos sobre o casamento, recomendando a leitura a pastores, seminaristas, professores e o p\u00fablico em geral. O livro aborda o casamento como algo sagrado, focando em Jesus como o cerne desse importante aspecto da vida, oferecendo orienta\u00e7\u00e3o e inspira\u00e7\u00e3o para fortalecer e edificar fam\u00edlias.<\/p>\n","protected":false},"excerpt":{"rendered":"<p>&#8220;Fam\u00edlias Indestrut\u00edveis&#8221; \u00e9 um livro do pastor Rafael Moura Nery que explora a relev\u00e2ncia duradoura do casamento, fundamentando-o nas Escrituras&hellip;<\/p>\n","protected":false},"featured_media":330748,"comment_status":"open","ping_status":"closed","template":"","meta":[],"product_cat":[178,134],"product_tag":[],"_links":{"self":[{"href":"https:\/\/www.livrariarema.com.br\/loja\/wp-json\/wp\/v2\/product\/293871"}],"collection":[{"href":"https:\/\/www.livrariarema.com.br\/loja\/wp-json\/wp\/v2\/product"}],"about":[{"href":"https:\/\/www.livrariarema.com.br\/loja\/wp-json\/wp\/v2\/types\/product"}],"replies":[{"embeddable":true,"href":"https:\/\/www.livrariarema.com.br\/loja\/wp-json\/wp\/v2\/comments?post=293871"}],"wp:featuredmedia":[{"embeddable":true,"href":"https:\/\/www.livrariarema.com.br\/loja\/wp-json\/wp\/v2\/media\/330748"}],"wp:attachment":[{"href":"https:\/\/www.livrariarema.com.br\/loja\/wp-json\/wp\/v2\/media?parent=293871"}],"wp:term":[{"taxonomy":"product_cat","embeddable":true,"href":"https:\/\/www.livrariarema.com.br\/loja\/wp-json\/wp\/v2\/product_cat?post=293871"},{"taxonomy":"product_tag","embeddable":true,"href":"https:\/\/www.livrariarema.com.br\/loja\/wp-json\/wp\/v2\/product_tag?post=293871"}],"curies":[{"name":"wp","href":"https:\/\/api.w.org\/{rel}","templated":true}]}}