{"id":293875,"date":"2024-04-26T11:48:28","date_gmt":"2024-04-26T14:48:28","guid":{"rendered":"https:\/\/www.livrariarema.com.br\/loja\/produtos\/sem categoria\/minha-gestacao-tati-joslin-e-fabiola-melo\/"},"modified":"2025-08-18T17:51:48","modified_gmt":"2025-08-18T20:51:48","slug":"minha-gestacao-tati-joslin-e-fabiola-melo","status":"publish","type":"product","link":"https:\/\/www.livrariarema.com.br\/loja\/produtos\/livros\/mulher\/minha-gestacao-tati-joslin-e-fabiola-melo\/","title":{"rendered":"Minha Gesta\u00e7\u00e3o &#8211; Tati Joslin E Fabiola Melo"},"content":{"rendered":"<p>Toda m\u00e3e deseja o melhor para o seu beb\u00ea, e nada \u00e9 mais precioso do que as palavras do Senhor a seu respeito.<br \/>\nS\u00e3o 40 cards com declara\u00e7\u00f5es b\u00edblicas para que voc\u00ea leia com f\u00e9 e profetize b\u00ean\u00e7\u00e3os sem medidas sobre a vida do seu beb\u00ea ainda no ventre.<\/p>\n","protected":false},"excerpt":{"rendered":"<p>Toda m\u00e3e deseja o melhor para o seu beb\u00ea, e nada \u00e9 mais precioso do que as palavras do Senhor&hellip;<\/p>\n","protected":false},"featured_media":328511,"comment_status":"open","ping_status":"closed","template":"","meta":[],"product_cat":[134,170],"product_tag":[],"_links":{"self":[{"href":"https:\/\/www.livrariarema.com.br\/loja\/wp-json\/wp\/v2\/product\/293875"}],"collection":[{"href":"https:\/\/www.livrariarema.com.br\/loja\/wp-json\/wp\/v2\/product"}],"about":[{"href":"https:\/\/www.livrariarema.com.br\/loja\/wp-json\/wp\/v2\/types\/product"}],"replies":[{"embeddable":true,"href":"https:\/\/www.livrariarema.com.br\/loja\/wp-json\/wp\/v2\/comments?post=293875"}],"wp:featuredmedia":[{"embeddable":true,"href":"https:\/\/www.livrariarema.com.br\/loja\/wp-json\/wp\/v2\/media\/328511"}],"wp:attachment":[{"href":"https:\/\/www.livrariarema.com.br\/loja\/wp-json\/wp\/v2\/media?parent=293875"}],"wp:term":[{"taxonomy":"product_cat","embeddable":true,"href":"https:\/\/www.livrariarema.com.br\/loja\/wp-json\/wp\/v2\/product_cat?post=293875"},{"taxonomy":"product_tag","embeddable":true,"href":"https:\/\/www.livrariarema.com.br\/loja\/wp-json\/wp\/v2\/product_tag?post=293875"}],"curies":[{"name":"wp","href":"https:\/\/api.w.org\/{rel}","templated":true}]}}