{"id":294129,"date":"2024-04-29T11:07:50","date_gmt":"2024-04-29T14:07:50","guid":{"rendered":"https:\/\/www.livrariarema.com.br\/loja\/produtos\/sem categoria\/biblia-comparativa-arc-nvi-luxo-marrom\/"},"modified":"2025-02-06T14:16:38","modified_gmt":"2025-02-06T17:16:38","slug":"biblia-comparativa-arc-nvi-luxo-marrom","status":"publish","type":"product","link":"https:\/\/www.livrariarema.com.br\/loja\/produtos\/biblias\/estudo\/biblia-comparativa-arc-nvi-luxo-marrom\/","title":{"rendered":"B\u00edblia Comparativa &#8211; Arc\/Nvi &#8211; Luxo &#8211; Marrom"},"content":{"rendered":"<p>Esta B\u00edblia tem o objetivo principal de levar aos leitores mais praticidade e um entendimento f\u00e1cil e completo da B\u00edblia, pois apresenta em uma \u00fanica edi\u00e7\u00e3o a tradicional Jo\u00e3o Ferreira de Almeida e a Nova Vers\u00e3o Internacional.<\/p>\n<p>\u00c9 poss\u00edvel acompanhar com praticidade as duas vers\u00f5es. Assim, o leitor adquire a completa fidelidade dos textos b\u00edblicos (JFA), com uma tradu\u00e7\u00e3o atual que tem semelhan\u00e7a com o cotidiano (NVI).<\/p>\n<p>A B\u00edblia Comparativa permite uma melhor compreens\u00e3o das Sagradas Escrituras, ajudando o leitor a se sentir mais \u00e0 vontade para passar tudo o que aprendeu e a praticar os ensinamentos crist\u00e3os.<\/p>\n","protected":false},"excerpt":{"rendered":"<p>Esta B\u00edblia tem o objetivo principal de levar aos leitores mais praticidade e um entendimento f\u00e1cil e completo da B\u00edblia,&hellip;<\/p>\n","protected":false},"featured_media":326050,"comment_status":"open","ping_status":"closed","template":"","meta":[],"product_cat":[139,140],"product_tag":[],"_links":{"self":[{"href":"https:\/\/www.livrariarema.com.br\/loja\/wp-json\/wp\/v2\/product\/294129"}],"collection":[{"href":"https:\/\/www.livrariarema.com.br\/loja\/wp-json\/wp\/v2\/product"}],"about":[{"href":"https:\/\/www.livrariarema.com.br\/loja\/wp-json\/wp\/v2\/types\/product"}],"replies":[{"embeddable":true,"href":"https:\/\/www.livrariarema.com.br\/loja\/wp-json\/wp\/v2\/comments?post=294129"}],"wp:featuredmedia":[{"embeddable":true,"href":"https:\/\/www.livrariarema.com.br\/loja\/wp-json\/wp\/v2\/media\/326050"}],"wp:attachment":[{"href":"https:\/\/www.livrariarema.com.br\/loja\/wp-json\/wp\/v2\/media?parent=294129"}],"wp:term":[{"taxonomy":"product_cat","embeddable":true,"href":"https:\/\/www.livrariarema.com.br\/loja\/wp-json\/wp\/v2\/product_cat?post=294129"},{"taxonomy":"product_tag","embeddable":true,"href":"https:\/\/www.livrariarema.com.br\/loja\/wp-json\/wp\/v2\/product_tag?post=294129"}],"curies":[{"name":"wp","href":"https:\/\/api.w.org\/{rel}","templated":true}]}}