{"id":294145,"date":"2024-04-29T11:09:33","date_gmt":"2024-04-29T14:09:33","guid":{"rendered":"https:\/\/www.livrariarema.com.br\/loja\/produtos\/sem categoria\/biblia-anote-nvi-espiral-letra-grande-purpura\/"},"modified":"2025-11-07T12:21:44","modified_gmt":"2025-11-07T15:21:44","slug":"biblia-anote-nvi-espiral-letra-grande-purpura","status":"publish","type":"product","link":"https:\/\/www.livrariarema.com.br\/loja\/produtos\/biblias\/nvi\/biblia-anote-nvi-espiral-letra-grande-purpura\/","title":{"rendered":"B\u00edblia Anote &#8211; Nvi &#8211; Espiral &#8211; Letra Grande &#8211; Purpura"},"content":{"rendered":"<p>Em um mundo agitado e repleto de desafios, a busca por paz interior e espiritualidade nunca foi t\u00e3o crucial. Atendendo ao clamor de in\u00fameros fi\u00e9is em busca de uma experi\u00eancia mais acess\u00edvel e profunda com a Palavra, apresentamos com orgulho a B\u00edblia Anote NVI letra grande.<\/p>\n<p>Cada p\u00e1gina desta magn\u00edfica obra se torna uma jornada, uma oportunidade de reflex\u00e3o e aprendizado. O tamanho generoso da letra proporciona n\u00e3o apenas clareza visual, mas tamb\u00e9m uma conex\u00e3o mais \u00edntima com os ensinamentos sagrados. Seja para leituras di\u00e1rias, estudos mais aprofundados ou momentos de devo\u00e7\u00e3o, esta nova edi\u00e7\u00e3o est\u00e1 destinada a ser sua companheira fiel na jornada espiritual.<\/p>\n","protected":false},"excerpt":{"rendered":"<p>Em um mundo agitado e repleto de desafios, a busca por paz interior e espiritualidade nunca foi t\u00e3o crucial. Atendendo&hellip;<\/p>\n","protected":false},"featured_media":326046,"comment_status":"open","ping_status":"closed","template":"","meta":[],"product_cat":[139,166],"product_tag":[],"_links":{"self":[{"href":"https:\/\/www.livrariarema.com.br\/loja\/wp-json\/wp\/v2\/product\/294145"}],"collection":[{"href":"https:\/\/www.livrariarema.com.br\/loja\/wp-json\/wp\/v2\/product"}],"about":[{"href":"https:\/\/www.livrariarema.com.br\/loja\/wp-json\/wp\/v2\/types\/product"}],"replies":[{"embeddable":true,"href":"https:\/\/www.livrariarema.com.br\/loja\/wp-json\/wp\/v2\/comments?post=294145"}],"wp:featuredmedia":[{"embeddable":true,"href":"https:\/\/www.livrariarema.com.br\/loja\/wp-json\/wp\/v2\/media\/326046"}],"wp:attachment":[{"href":"https:\/\/www.livrariarema.com.br\/loja\/wp-json\/wp\/v2\/media?parent=294145"}],"wp:term":[{"taxonomy":"product_cat","embeddable":true,"href":"https:\/\/www.livrariarema.com.br\/loja\/wp-json\/wp\/v2\/product_cat?post=294145"},{"taxonomy":"product_tag","embeddable":true,"href":"https:\/\/www.livrariarema.com.br\/loja\/wp-json\/wp\/v2\/product_tag?post=294145"}],"curies":[{"name":"wp","href":"https:\/\/api.w.org\/{rel}","templated":true}]}}