{"id":294318,"date":"2024-04-30T10:57:05","date_gmt":"2024-04-30T13:57:05","guid":{"rendered":"https:\/\/www.livrariarema.com.br\/loja\/produtos\/sem categoria\/aprendendo-a-pensar-sobre-responsabilidade-agnes-e-salem-de-bezenac\/"},"modified":"2025-12-17T15:30:45","modified_gmt":"2025-12-17T18:30:45","slug":"aprendendo-a-pensar-sobre-responsabilidade-agnes-e-salem-de-bezenac","status":"publish","type":"product","link":"https:\/\/www.livrariarema.com.br\/loja\/produtos\/livros\/infantil\/aprendendo-a-pensar-sobre-responsabilidade-agnes-e-salem-de-bezenac\/","title":{"rendered":"Aprendendo A Pensar Sobre&#8230;Responsabilidade &#8211; Agnes E Salem De Bezenac"},"content":{"rendered":"<p>Em Aprendendo a pensar sobre&#8230; Responsabilidade, Mam\u00e3e Esquilo faz Suki entender que deve dar conta de suas pr\u00f3prias tarefas. Desde cedo, ele aprende que arrumar a cama e servir o pr\u00f3prio caf\u00e9 s\u00e3o pequenas atividades que v\u00e3o ensin\u00e1-lo a ser respons\u00e1vel em tudo na vida.<\/p>\n","protected":false},"excerpt":{"rendered":"<p>Em Aprendendo a pensar sobre&#8230; Responsabilidade, Mam\u00e3e Esquilo faz Suki entender que deve dar conta de suas pr\u00f3prias tarefas. Desde&hellip;<\/p>\n","protected":false},"featured_media":340783,"comment_status":"open","ping_status":"closed","template":"","meta":[],"product_cat":[144,134],"product_tag":[],"_links":{"self":[{"href":"https:\/\/www.livrariarema.com.br\/loja\/wp-json\/wp\/v2\/product\/294318"}],"collection":[{"href":"https:\/\/www.livrariarema.com.br\/loja\/wp-json\/wp\/v2\/product"}],"about":[{"href":"https:\/\/www.livrariarema.com.br\/loja\/wp-json\/wp\/v2\/types\/product"}],"replies":[{"embeddable":true,"href":"https:\/\/www.livrariarema.com.br\/loja\/wp-json\/wp\/v2\/comments?post=294318"}],"wp:featuredmedia":[{"embeddable":true,"href":"https:\/\/www.livrariarema.com.br\/loja\/wp-json\/wp\/v2\/media\/340783"}],"wp:attachment":[{"href":"https:\/\/www.livrariarema.com.br\/loja\/wp-json\/wp\/v2\/media?parent=294318"}],"wp:term":[{"taxonomy":"product_cat","embeddable":true,"href":"https:\/\/www.livrariarema.com.br\/loja\/wp-json\/wp\/v2\/product_cat?post=294318"},{"taxonomy":"product_tag","embeddable":true,"href":"https:\/\/www.livrariarema.com.br\/loja\/wp-json\/wp\/v2\/product_tag?post=294318"}],"curies":[{"name":"wp","href":"https:\/\/api.w.org\/{rel}","templated":true}]}}