{"id":294324,"date":"2024-04-30T10:58:02","date_gmt":"2024-04-30T13:58:02","guid":{"rendered":"https:\/\/www.livrariarema.com.br\/loja\/produtos\/sem categoria\/aprendendo-a-pensar-sobre-gratidao-agnes-e-salem-de-bezenac\/"},"modified":"2026-02-07T11:22:56","modified_gmt":"2026-02-07T14:22:56","slug":"aprendendo-a-pensar-sobre-gratidao-agnes-e-salem-de-bezenac","status":"publish","type":"product","link":"https:\/\/www.livrariarema.com.br\/loja\/produtos\/livros\/infantil\/aprendendo-a-pensar-sobre-gratidao-agnes-e-salem-de-bezenac\/","title":{"rendered":"Aprendendo A Pensar Sobre&#8230;Gratid\u00e3o &#8211; Agnes E Salem De Bezenac"},"content":{"rendered":"<p>A coelhinha Rita tem todas as coisas de que precisa, mas n\u00e3o as tem valorizado muito. Quando aprende a ser grata pela comida \u00e0 mesa, pela caminha macia e pelos amiguinhos que tem, Rita descobre que deve ser sempre grata. Aprendendo a pensar sobre. Gratid\u00e3o ensina \u00e0s crian\u00e7as o valor dessa importante disciplina espiritual.<br \/>\nA cole\u00e7\u00e3o Aprendendo a pensar sobre. \u00e9 uma s\u00e9rie com personagens fofinhos e figuras multicoloridas que apresenta mensagens curtas e de f\u00e1cil compreens\u00e3o pelos pequenos. Atrav\u00e9s dela, fica mais f\u00e1cil transmitir princ\u00edpios \u00e9ticos e morais \u00e0s crian\u00e7as.<br \/>\nCada livro traz hist\u00f3rias que exemplificam conceitos importantes para o desenvolvimento social da crian\u00e7a, encorajando-a a encarar as pr\u00f3prias dificuldades e a aprender algo novo atrav\u00e9s de cada situa\u00e7\u00e3o.<\/p>\n","protected":false},"excerpt":{"rendered":"<p>A coelhinha Rita tem todas as coisas de que precisa, mas n\u00e3o as tem valorizado muito. Quando aprende a ser&hellip;<\/p>\n","protected":false},"featured_media":340781,"comment_status":"open","ping_status":"closed","template":"","meta":[],"product_cat":[144,134],"product_tag":[],"_links":{"self":[{"href":"https:\/\/www.livrariarema.com.br\/loja\/wp-json\/wp\/v2\/product\/294324"}],"collection":[{"href":"https:\/\/www.livrariarema.com.br\/loja\/wp-json\/wp\/v2\/product"}],"about":[{"href":"https:\/\/www.livrariarema.com.br\/loja\/wp-json\/wp\/v2\/types\/product"}],"replies":[{"embeddable":true,"href":"https:\/\/www.livrariarema.com.br\/loja\/wp-json\/wp\/v2\/comments?post=294324"}],"wp:featuredmedia":[{"embeddable":true,"href":"https:\/\/www.livrariarema.com.br\/loja\/wp-json\/wp\/v2\/media\/340781"}],"wp:attachment":[{"href":"https:\/\/www.livrariarema.com.br\/loja\/wp-json\/wp\/v2\/media?parent=294324"}],"wp:term":[{"taxonomy":"product_cat","embeddable":true,"href":"https:\/\/www.livrariarema.com.br\/loja\/wp-json\/wp\/v2\/product_cat?post=294324"},{"taxonomy":"product_tag","embeddable":true,"href":"https:\/\/www.livrariarema.com.br\/loja\/wp-json\/wp\/v2\/product_tag?post=294324"}],"curies":[{"name":"wp","href":"https:\/\/api.w.org\/{rel}","templated":true}]}}