{"id":294325,"date":"2024-04-30T10:58:07","date_gmt":"2024-04-30T13:58:07","guid":{"rendered":"https:\/\/www.livrariarema.com.br\/loja\/produtos\/sem categoria\/aprendendo-a-pensar-sobre-sempre-continuar-agnes-e-salem-de-bezenac\/"},"modified":"2026-02-07T11:22:43","modified_gmt":"2026-02-07T14:22:43","slug":"aprendendo-a-pensar-sobre-sempre-continuar-agnes-e-salem-de-bezenac","status":"publish","type":"product","link":"https:\/\/www.livrariarema.com.br\/loja\/produtos\/livros\/infantil\/aprendendo-a-pensar-sobre-sempre-continuar-agnes-e-salem-de-bezenac\/","title":{"rendered":"Aprendendo A Pensar Sobre&#8230;Sempre Continuar &#8211; Agnes E Salem De Bezenac"},"content":{"rendered":"<p>Andar de bicicleta \u00e9 um desafio e tanto para Roby. No in\u00edcio, ele acha que nunca vai conseguir &#8211; mas, vai tentando, tentando, at\u00e9 aprender, mesmo caindo algumas vezes. Aprendendo a pensar sobre&#8230; Perseveran\u00e7a \u00e9 um livro que encoraja a crian\u00e7a a acreditar na pr\u00f3pria capacidade e a n\u00e3o desistir diante das dificuldades.<\/p>\n","protected":false},"excerpt":{"rendered":"<p>Andar de bicicleta \u00e9 um desafio e tanto para Roby. No in\u00edcio, ele acha que nunca vai conseguir &#8211; mas,&hellip;<\/p>\n","protected":false},"featured_media":0,"comment_status":"open","ping_status":"closed","template":"","meta":[],"product_cat":[144,134],"product_tag":[],"_links":{"self":[{"href":"https:\/\/www.livrariarema.com.br\/loja\/wp-json\/wp\/v2\/product\/294325"}],"collection":[{"href":"https:\/\/www.livrariarema.com.br\/loja\/wp-json\/wp\/v2\/product"}],"about":[{"href":"https:\/\/www.livrariarema.com.br\/loja\/wp-json\/wp\/v2\/types\/product"}],"replies":[{"embeddable":true,"href":"https:\/\/www.livrariarema.com.br\/loja\/wp-json\/wp\/v2\/comments?post=294325"}],"wp:attachment":[{"href":"https:\/\/www.livrariarema.com.br\/loja\/wp-json\/wp\/v2\/media?parent=294325"}],"wp:term":[{"taxonomy":"product_cat","embeddable":true,"href":"https:\/\/www.livrariarema.com.br\/loja\/wp-json\/wp\/v2\/product_cat?post=294325"},{"taxonomy":"product_tag","embeddable":true,"href":"https:\/\/www.livrariarema.com.br\/loja\/wp-json\/wp\/v2\/product_tag?post=294325"}],"curies":[{"name":"wp","href":"https:\/\/api.w.org\/{rel}","templated":true}]}}