{"id":294416,"date":"2024-04-30T15:55:19","date_gmt":"2024-04-30T18:55:19","guid":{"rendered":"https:\/\/www.livrariarema.com.br\/loja\/produtos\/sem categoria\/uma-vida-com-propositos-para-que-estou-na-terra-inclui-guia-de-estudos-rick-warren-2\/"},"modified":"2026-04-06T15:20:37","modified_gmt":"2026-04-06T18:20:37","slug":"uma-vida-com-propositos-para-que-estou-na-terra-inclui-guia-de-estudos-rick-warren-2","status":"publish","type":"product","link":"https:\/\/www.livrariarema.com.br\/loja\/produtos\/livros\/devocional\/uma-vida-com-propositos-para-que-estou-na-terra-inclui-guia-de-estudos-rick-warren-2\/","title":{"rendered":"Uma Vida Com Prop\u00f3sitos &#8211; Para Que Estou Na Terra? &#8211; Inclui Guia De Estudos &#8211; Rick Warren"},"content":{"rendered":"<p>Este livro se tornou um cl\u00e1ssico por ser inspirador e, ao mesmo tempo, pragm\u00e1tico e profundo. Percebeu-se que a falta de prop\u00f3sito e a aus\u00eancia da raz\u00e3o de ser impediam maiores realiza\u00e7\u00f5es pessoais. Por\u00e9m, com a brilhante contribui\u00e7\u00e3o de Rick Warren, certamente voc\u00ea ter\u00e1 suprida essa necessidade pessoal. O autor levar\u00e1 voc\u00ea a uma s\u00e9ria reflex\u00e3o sobre o real sentido da vida e ao posicionamento adequado para que tenha uma vida com real significado e que fa\u00e7a a diferen\u00e7a.<br \/>\nMilh\u00f5es de pessoas t\u00eam reorientado suas vidas e as diferentes atividades que exercem ap\u00f3s sua leitura e terem sido despertadas para um sentido maior de sua exist\u00eancia, que ultrapasse a atividade profissional.<\/p>\n","protected":false},"excerpt":{"rendered":"<p>Este livro se tornou um cl\u00e1ssico por ser inspirador e, ao mesmo tempo, pragm\u00e1tico e profundo. Percebeu-se que a falta&hellip;<\/p>\n","protected":false},"featured_media":345926,"comment_status":"open","ping_status":"closed","template":"","meta":[],"product_cat":[158,134],"product_tag":[],"_links":{"self":[{"href":"https:\/\/www.livrariarema.com.br\/loja\/wp-json\/wp\/v2\/product\/294416"}],"collection":[{"href":"https:\/\/www.livrariarema.com.br\/loja\/wp-json\/wp\/v2\/product"}],"about":[{"href":"https:\/\/www.livrariarema.com.br\/loja\/wp-json\/wp\/v2\/types\/product"}],"replies":[{"embeddable":true,"href":"https:\/\/www.livrariarema.com.br\/loja\/wp-json\/wp\/v2\/comments?post=294416"}],"wp:featuredmedia":[{"embeddable":true,"href":"https:\/\/www.livrariarema.com.br\/loja\/wp-json\/wp\/v2\/media\/345926"}],"wp:attachment":[{"href":"https:\/\/www.livrariarema.com.br\/loja\/wp-json\/wp\/v2\/media?parent=294416"}],"wp:term":[{"taxonomy":"product_cat","embeddable":true,"href":"https:\/\/www.livrariarema.com.br\/loja\/wp-json\/wp\/v2\/product_cat?post=294416"},{"taxonomy":"product_tag","embeddable":true,"href":"https:\/\/www.livrariarema.com.br\/loja\/wp-json\/wp\/v2\/product_tag?post=294416"}],"curies":[{"name":"wp","href":"https:\/\/api.w.org\/{rel}","templated":true}]}}