{"id":294427,"date":"2024-04-30T15:56:17","date_gmt":"2024-04-30T18:56:17","guid":{"rendered":"https:\/\/www.livrariarema.com.br\/loja\/produtos\/sem categoria\/biblia-da-garota-crista-roxa\/"},"modified":"2026-03-30T16:20:37","modified_gmt":"2026-03-30T19:20:37","slug":"biblia-da-garota-crista-roxa","status":"publish","type":"product","link":"https:\/\/www.livrariarema.com.br\/loja\/produtos\/biblias\/juvenil-biblias\/biblia-da-garota-crista-roxa\/","title":{"rendered":"B\u00edblia Da Garota Crist\u00e3 &#8211; Roxa"},"content":{"rendered":"<p>Uma B\u00edblia moderna e divertida para te acompanhar em todo lugar! <\/p>\n<p>Toda garota tem um mont\u00e3o de sonhos, planos e experi\u00eancias, mas tudo fica muito melhor quando deixamos Deus e a Palavra fazerem parte de nosso mundo. A B\u00edblia da garota crist\u00e3 cont\u00e9m notas, coment\u00e1rios, devocionais, dicas e v\u00e1rios outros recursos para ajudar voc\u00ea a ser uma garota de bem com a vida e segundo o cora\u00e7\u00e3o do Pai.<\/p>\n<p>Ela possui texto na NTLH (Nova Tradu\u00e7\u00e3o na Linguagem de Hoje), que traz as Escrituras de forma leve e acess\u00edvel. Cont\u00e9m textos de Hayley DiMarco, autora best-seller reconhecida no meio jovem, al\u00e9m de diversos recursos para facilitar o estudo e entendimento da Palavra de Deus.<br \/>\nEsta b\u00edblia est\u00e1 dispon\u00edvel agora em capa dura, fitilho roxo e lateral verde, cheia de estilo!<\/p>\n","protected":false},"excerpt":{"rendered":"<p>Uma B\u00edblia moderna e divertida para te acompanhar em todo lugar! Toda garota tem um mont\u00e3o de sonhos, planos e&hellip;<\/p>\n","protected":false},"featured_media":345305,"comment_status":"open","ping_status":"closed","template":"","meta":[],"product_cat":[139,192],"product_tag":[],"_links":{"self":[{"href":"https:\/\/www.livrariarema.com.br\/loja\/wp-json\/wp\/v2\/product\/294427"}],"collection":[{"href":"https:\/\/www.livrariarema.com.br\/loja\/wp-json\/wp\/v2\/product"}],"about":[{"href":"https:\/\/www.livrariarema.com.br\/loja\/wp-json\/wp\/v2\/types\/product"}],"replies":[{"embeddable":true,"href":"https:\/\/www.livrariarema.com.br\/loja\/wp-json\/wp\/v2\/comments?post=294427"}],"wp:featuredmedia":[{"embeddable":true,"href":"https:\/\/www.livrariarema.com.br\/loja\/wp-json\/wp\/v2\/media\/345305"}],"wp:attachment":[{"href":"https:\/\/www.livrariarema.com.br\/loja\/wp-json\/wp\/v2\/media?parent=294427"}],"wp:term":[{"taxonomy":"product_cat","embeddable":true,"href":"https:\/\/www.livrariarema.com.br\/loja\/wp-json\/wp\/v2\/product_cat?post=294427"},{"taxonomy":"product_tag","embeddable":true,"href":"https:\/\/www.livrariarema.com.br\/loja\/wp-json\/wp\/v2\/product_tag?post=294427"}],"curies":[{"name":"wp","href":"https:\/\/api.w.org\/{rel}","templated":true}]}}