{"id":294525,"date":"2024-04-30T17:11:27","date_gmt":"2024-04-30T20:11:27","guid":{"rendered":"https:\/\/www.livrariarema.com.br\/loja\/produtos\/sem categoria\/liberte-se-da-vergonha-do-seu-corpo-jess-connolly\/"},"modified":"2026-03-21T10:40:49","modified_gmt":"2026-03-21T13:40:49","slug":"liberte-se-da-vergonha-do-seu-corpo-jess-connolly","status":"publish","type":"product","link":"https:\/\/www.livrariarema.com.br\/loja\/produtos\/livros\/mulher\/liberte-se-da-vergonha-do-seu-corpo-jess-connolly\/","title":{"rendered":"Liberte-Se Da Vergonha Do Seu Corpo &#8211; Jess Connolly"},"content":{"rendered":"<p>Uma coisa \u00e9 saber em sua mente que seu corpo \u00e9 bom, pois foi criado com um prop\u00f3sito e \u00e0 imagem e semelhan\u00e7a de Deus. Outra coisa bem diferente \u00e9 experimentar esta cren\u00e7a na pr\u00e1tica, lutando contra um mundo que prega ideais inalcan\u00e7\u00e1veis de perfei\u00e7\u00e3o, especialmente em rela\u00e7\u00e3o ao corpo feminino.<\/p>\n<p>Como muitas mulheres, Jess Connolly conhece a frustra\u00e7\u00e3o, a decep\u00e7\u00e3o e a vergonha que andam junto com o sentimento de se sentir incompleta em sua pr\u00f3pria pele. Olhando de modo abrangente para essas inseguran\u00e7as, este livro \u00e9 um grito audacioso de liberdade e um convite para todas as mulheres que lutam para aceitar seu corpo, desmontando as armadilhas dos ideais culturais de perfei\u00e7\u00e3o. Ao longos destas p\u00e1ginas, a autora aponta para as verdades de Deus que mostram que o corpo feminino n\u00e3o se resume \u00e0 sua apar\u00eancia, suas les\u00f5es e traumas, seus sintomas e defici\u00eancias ou mesmo ao seu desempenho.<\/p>\n<p>De modo corajoso, delicado e pr\u00e1tico, Jess incentiva a leitora a tratar seu corpo com gentileza e a enxerg\u00e1-lo como ele verdadeiramente \u00e9: um presente de Deus.<\/p>\n","protected":false},"excerpt":{"rendered":"<p>Uma coisa \u00e9 saber em sua mente que seu corpo \u00e9 bom, pois foi criado com um prop\u00f3sito e \u00e0&hellip;<\/p>\n","protected":false},"featured_media":345292,"comment_status":"open","ping_status":"closed","template":"","meta":[],"product_cat":[134,170],"product_tag":[],"_links":{"self":[{"href":"https:\/\/www.livrariarema.com.br\/loja\/wp-json\/wp\/v2\/product\/294525"}],"collection":[{"href":"https:\/\/www.livrariarema.com.br\/loja\/wp-json\/wp\/v2\/product"}],"about":[{"href":"https:\/\/www.livrariarema.com.br\/loja\/wp-json\/wp\/v2\/types\/product"}],"replies":[{"embeddable":true,"href":"https:\/\/www.livrariarema.com.br\/loja\/wp-json\/wp\/v2\/comments?post=294525"}],"wp:featuredmedia":[{"embeddable":true,"href":"https:\/\/www.livrariarema.com.br\/loja\/wp-json\/wp\/v2\/media\/345292"}],"wp:attachment":[{"href":"https:\/\/www.livrariarema.com.br\/loja\/wp-json\/wp\/v2\/media?parent=294525"}],"wp:term":[{"taxonomy":"product_cat","embeddable":true,"href":"https:\/\/www.livrariarema.com.br\/loja\/wp-json\/wp\/v2\/product_cat?post=294525"},{"taxonomy":"product_tag","embeddable":true,"href":"https:\/\/www.livrariarema.com.br\/loja\/wp-json\/wp\/v2\/product_tag?post=294525"}],"curies":[{"name":"wp","href":"https:\/\/api.w.org\/{rel}","templated":true}]}}