{"id":294528,"date":"2024-04-30T17:11:39","date_gmt":"2024-04-30T20:11:39","guid":{"rendered":"https:\/\/www.livrariarema.com.br\/loja\/produtos\/sem categoria\/atlas-ilustrado-da-biblia-andre-daniel-reinke\/"},"modified":"2026-04-30T11:24:53","modified_gmt":"2026-04-30T14:24:53","slug":"atlas-ilustrado-da-biblia-andre-daniel-reinke","status":"publish","type":"product","link":"https:\/\/www.livrariarema.com.br\/loja\/produtos\/livros\/estudo-biblico\/atlas-ilustrado-da-biblia-andre-daniel-reinke\/","title":{"rendered":"Atlas Ilustrado Da B\u00edblia &#8211; Andr\u00e9 Daniel Reinke"},"content":{"rendered":"<p>Este maravilhoso atlas da B\u00edblia inteiramente ilustrado, com cerca de 60 mapas, 90 tabelas e quadros e centenas de ilustra\u00e7\u00f5es, apresenta toda a hist\u00f3ria b\u00edblica, desde o princ\u00edpio de todas as coisas at\u00e9 as guerras judaico-romanas de 70 e 135 d.C. O material \u00e9 apresentado didaticamente nos seguintes cap\u00edtulos: Proleg\u00f4menos, Princ\u00edpio, Terra Prometida, Monarquias, Di\u00e1spora, Jesus Cristo e Ap\u00f3stolos.<\/p>\n","protected":false},"excerpt":{"rendered":"<p>Este maravilhoso atlas da B\u00edblia inteiramente ilustrado, com cerca de 60 mapas, 90 tabelas e quadros e centenas de ilustra\u00e7\u00f5es,&hellip;<\/p>\n","protected":false},"featured_media":347792,"comment_status":"open","ping_status":"closed","template":"","meta":[],"product_cat":[161,134],"product_tag":[],"_links":{"self":[{"href":"https:\/\/www.livrariarema.com.br\/loja\/wp-json\/wp\/v2\/product\/294528"}],"collection":[{"href":"https:\/\/www.livrariarema.com.br\/loja\/wp-json\/wp\/v2\/product"}],"about":[{"href":"https:\/\/www.livrariarema.com.br\/loja\/wp-json\/wp\/v2\/types\/product"}],"replies":[{"embeddable":true,"href":"https:\/\/www.livrariarema.com.br\/loja\/wp-json\/wp\/v2\/comments?post=294528"}],"wp:featuredmedia":[{"embeddable":true,"href":"https:\/\/www.livrariarema.com.br\/loja\/wp-json\/wp\/v2\/media\/347792"}],"wp:attachment":[{"href":"https:\/\/www.livrariarema.com.br\/loja\/wp-json\/wp\/v2\/media?parent=294528"}],"wp:term":[{"taxonomy":"product_cat","embeddable":true,"href":"https:\/\/www.livrariarema.com.br\/loja\/wp-json\/wp\/v2\/product_cat?post=294528"},{"taxonomy":"product_tag","embeddable":true,"href":"https:\/\/www.livrariarema.com.br\/loja\/wp-json\/wp\/v2\/product_tag?post=294528"}],"curies":[{"name":"wp","href":"https:\/\/api.w.org\/{rel}","templated":true}]}}