{"id":294737,"date":"2024-05-02T15:39:36","date_gmt":"2024-05-02T18:39:36","guid":{"rendered":"https:\/\/www.livrariarema.com.br\/loja\/produtos\/sem categoria\/novo-testamento-acf-brochura-vinho\/"},"modified":"2026-02-24T12:23:39","modified_gmt":"2026-02-24T15:23:39","slug":"novo-testamento-acf-brochura-vinho","status":"publish","type":"product","link":"https:\/\/www.livrariarema.com.br\/loja\/produtos\/biblias\/revista-corrigida-fiel\/novo-testamento-acf-brochura-vinho\/","title":{"rendered":"Novo Testamento &#8211; Acf &#8211; Brochura &#8211; Vinho"},"content":{"rendered":"<p>Moderno, vers\u00e1til e compacto, o Novo Testamento ACF tem a qualidade Thomas Nelson Brasil, diferentes acabamentos e a Fonte Leitura Perfeita, garantindo todo conforto durante a leitura. A Almeida Corrigida Fiel \u00e9 conhecida por ser uma tradu\u00e7\u00e3o cl\u00e1ssica que preserva toda a tradi\u00e7\u00e3o de Jo\u00e3o Ferreira de Almeida &#8211; \u00e9 a Palavra de Deus como nossos av\u00f3s se lembram.<br \/>\nO Novo Testamento ACF \u00e9 ideal para evangelismos ou para presentear participantes de c\u00e9lula ou pequenos grupos.<\/p>\n","protected":false},"excerpt":{"rendered":"<p>Moderno, vers\u00e1til e compacto, o Novo Testamento ACF tem a qualidade Thomas Nelson Brasil, diferentes acabamentos e a Fonte Leitura&hellip;<\/p>\n","protected":false},"featured_media":345311,"comment_status":"open","ping_status":"closed","template":"","meta":[],"product_cat":[139,212],"product_tag":[],"_links":{"self":[{"href":"https:\/\/www.livrariarema.com.br\/loja\/wp-json\/wp\/v2\/product\/294737"}],"collection":[{"href":"https:\/\/www.livrariarema.com.br\/loja\/wp-json\/wp\/v2\/product"}],"about":[{"href":"https:\/\/www.livrariarema.com.br\/loja\/wp-json\/wp\/v2\/types\/product"}],"replies":[{"embeddable":true,"href":"https:\/\/www.livrariarema.com.br\/loja\/wp-json\/wp\/v2\/comments?post=294737"}],"wp:featuredmedia":[{"embeddable":true,"href":"https:\/\/www.livrariarema.com.br\/loja\/wp-json\/wp\/v2\/media\/345311"}],"wp:attachment":[{"href":"https:\/\/www.livrariarema.com.br\/loja\/wp-json\/wp\/v2\/media?parent=294737"}],"wp:term":[{"taxonomy":"product_cat","embeddable":true,"href":"https:\/\/www.livrariarema.com.br\/loja\/wp-json\/wp\/v2\/product_cat?post=294737"},{"taxonomy":"product_tag","embeddable":true,"href":"https:\/\/www.livrariarema.com.br\/loja\/wp-json\/wp\/v2\/product_tag?post=294737"}],"curies":[{"name":"wp","href":"https:\/\/api.w.org\/{rel}","templated":true}]}}