{"id":295498,"date":"2024-05-07T16:25:53","date_gmt":"2024-05-07T19:25:53","guid":{"rendered":"https:\/\/www.livrariarema.com.br\/loja\/produtos\/sem categoria\/ra085eesq-biblia-de-estudo-esquematizada-marrom\/"},"modified":"2026-03-05T15:01:38","modified_gmt":"2026-03-05T18:01:38","slug":"ra085eesq-biblia-de-estudo-esquematizada-marrom","status":"publish","type":"product","link":"https:\/\/www.livrariarema.com.br\/loja\/produtos\/biblias\/estudo\/ra085eesq-biblia-de-estudo-esquematizada-marrom\/","title":{"rendered":"Ra085eesq &#8211; B\u00edblia De Estudo Esquematizada &#8211; Marrom"},"content":{"rendered":"<p>Tudo o que diz respeito \u00e0 nossa vida &#8211; atitudes, motiva\u00e7\u00f5es, desejos, a\u00e7\u00f5es e at\u00e9 nossas palavras &#8211; \u00e9 influenciado por nossa vis\u00e3o de Deus. Nosso comportamento reflete nossas opini\u00f5es a respeito daquele que nos criou. Esta B\u00edblia quer levar o leitor a descobrir de fato quem \u00e9 Deus. A pessoa pode aprofundar seu conhecimento de Deus e saber qual \u00e9 vontade dele para a sua vida, al\u00e9m de explicar a simples mensagem de salva\u00e7\u00e3o na B\u00edblia. O Esquema de T\u00f3picos da B\u00edblia vai ajudar o leitor a entender rapidamente as quest\u00f5es importantes na vida crist\u00e3.<\/p>\n","protected":false},"excerpt":{"rendered":"<p>Tudo o que diz respeito \u00e0 nossa vida &#8211; atitudes, motiva\u00e7\u00f5es, desejos, a\u00e7\u00f5es e at\u00e9 nossas palavras &#8211; \u00e9 influenciado&hellip;<\/p>\n","protected":false},"featured_media":337092,"comment_status":"open","ping_status":"closed","template":"","meta":[],"product_cat":[139,140],"product_tag":[],"_links":{"self":[{"href":"https:\/\/www.livrariarema.com.br\/loja\/wp-json\/wp\/v2\/product\/295498"}],"collection":[{"href":"https:\/\/www.livrariarema.com.br\/loja\/wp-json\/wp\/v2\/product"}],"about":[{"href":"https:\/\/www.livrariarema.com.br\/loja\/wp-json\/wp\/v2\/types\/product"}],"replies":[{"embeddable":true,"href":"https:\/\/www.livrariarema.com.br\/loja\/wp-json\/wp\/v2\/comments?post=295498"}],"wp:featuredmedia":[{"embeddable":true,"href":"https:\/\/www.livrariarema.com.br\/loja\/wp-json\/wp\/v2\/media\/337092"}],"wp:attachment":[{"href":"https:\/\/www.livrariarema.com.br\/loja\/wp-json\/wp\/v2\/media?parent=295498"}],"wp:term":[{"taxonomy":"product_cat","embeddable":true,"href":"https:\/\/www.livrariarema.com.br\/loja\/wp-json\/wp\/v2\/product_cat?post=295498"},{"taxonomy":"product_tag","embeddable":true,"href":"https:\/\/www.livrariarema.com.br\/loja\/wp-json\/wp\/v2\/product_tag?post=295498"}],"curies":[{"name":"wp","href":"https:\/\/api.w.org\/{rel}","templated":true}]}}