{"id":295502,"date":"2024-05-07T16:26:08","date_gmt":"2024-05-07T19:26:08","guid":{"rendered":"https:\/\/www.livrariarema.com.br\/loja\/produtos\/sem categoria\/ntlh590p1-estudando-com-a-biblia-criacao\/"},"modified":"2026-01-29T15:54:15","modified_gmt":"2026-01-29T18:54:15","slug":"ntlh590p1-estudando-com-a-biblia-criacao","status":"publish","type":"product","link":"https:\/\/www.livrariarema.com.br\/loja\/produtos\/livros\/infantil\/ntlh590p1-estudando-com-a-biblia-criacao\/","title":{"rendered":"Ntlh590p1 &#8211; Estudando Com A B\u00edblia &#8211; Cria\u00e7\u00e3o"},"content":{"rendered":"<p>Esta cole\u00e7\u00e3o foi desenvolvida especialmente para ensinar os valores da B\u00edblia Sagrada, acompanhando os passos da crian\u00e7a durante todo o Ensino Fundamental.<\/p>\n","protected":false},"excerpt":{"rendered":"<p>Esta cole\u00e7\u00e3o foi desenvolvida especialmente para ensinar os valores da B\u00edblia Sagrada, acompanhando os passos da crian\u00e7a durante todo o&hellip;<\/p>\n","protected":false},"featured_media":343744,"comment_status":"open","ping_status":"closed","template":"","meta":[],"product_cat":[144,134],"product_tag":[],"_links":{"self":[{"href":"https:\/\/www.livrariarema.com.br\/loja\/wp-json\/wp\/v2\/product\/295502"}],"collection":[{"href":"https:\/\/www.livrariarema.com.br\/loja\/wp-json\/wp\/v2\/product"}],"about":[{"href":"https:\/\/www.livrariarema.com.br\/loja\/wp-json\/wp\/v2\/types\/product"}],"replies":[{"embeddable":true,"href":"https:\/\/www.livrariarema.com.br\/loja\/wp-json\/wp\/v2\/comments?post=295502"}],"wp:featuredmedia":[{"embeddable":true,"href":"https:\/\/www.livrariarema.com.br\/loja\/wp-json\/wp\/v2\/media\/343744"}],"wp:attachment":[{"href":"https:\/\/www.livrariarema.com.br\/loja\/wp-json\/wp\/v2\/media?parent=295502"}],"wp:term":[{"taxonomy":"product_cat","embeddable":true,"href":"https:\/\/www.livrariarema.com.br\/loja\/wp-json\/wp\/v2\/product_cat?post=295502"},{"taxonomy":"product_tag","embeddable":true,"href":"https:\/\/www.livrariarema.com.br\/loja\/wp-json\/wp\/v2\/product_tag?post=295502"}],"curies":[{"name":"wp","href":"https:\/\/api.w.org\/{rel}","templated":true}]}}