{"id":295504,"date":"2024-05-07T16:26:18","date_gmt":"2024-05-07T19:26:18","guid":{"rendered":"https:\/\/www.livrariarema.com.br\/loja\/produtos\/sem categoria\/ntlh590p2-estudando-com-a-biblia-familia\/"},"modified":"2026-01-29T15:54:26","modified_gmt":"2026-01-29T18:54:26","slug":"ntlh590p2-estudando-com-a-biblia-familia","status":"publish","type":"product","link":"https:\/\/www.livrariarema.com.br\/loja\/produtos\/livros\/infantil\/ntlh590p2-estudando-com-a-biblia-familia\/","title":{"rendered":"Ntlh590p2 &#8211; Estudando Com A B\u00edblia &#8211; Familia"},"content":{"rendered":"<p>Esta cole\u00e7\u00e3o foi desenvolvida especialmente para ensinar os valores da B\u00edblia Sagrada, acompanhando os passos da crian\u00e7a durante todo o Ensino Fundamental.<\/p>\n","protected":false},"excerpt":{"rendered":"<p>Esta cole\u00e7\u00e3o foi desenvolvida especialmente para ensinar os valores da B\u00edblia Sagrada, acompanhando os passos da crian\u00e7a durante todo o&hellip;<\/p>\n","protected":false},"featured_media":343745,"comment_status":"open","ping_status":"closed","template":"","meta":[],"product_cat":[144,134],"product_tag":[],"_links":{"self":[{"href":"https:\/\/www.livrariarema.com.br\/loja\/wp-json\/wp\/v2\/product\/295504"}],"collection":[{"href":"https:\/\/www.livrariarema.com.br\/loja\/wp-json\/wp\/v2\/product"}],"about":[{"href":"https:\/\/www.livrariarema.com.br\/loja\/wp-json\/wp\/v2\/types\/product"}],"replies":[{"embeddable":true,"href":"https:\/\/www.livrariarema.com.br\/loja\/wp-json\/wp\/v2\/comments?post=295504"}],"wp:featuredmedia":[{"embeddable":true,"href":"https:\/\/www.livrariarema.com.br\/loja\/wp-json\/wp\/v2\/media\/343745"}],"wp:attachment":[{"href":"https:\/\/www.livrariarema.com.br\/loja\/wp-json\/wp\/v2\/media?parent=295504"}],"wp:term":[{"taxonomy":"product_cat","embeddable":true,"href":"https:\/\/www.livrariarema.com.br\/loja\/wp-json\/wp\/v2\/product_cat?post=295504"},{"taxonomy":"product_tag","embeddable":true,"href":"https:\/\/www.livrariarema.com.br\/loja\/wp-json\/wp\/v2\/product_tag?post=295504"}],"curies":[{"name":"wp","href":"https:\/\/api.w.org\/{rel}","templated":true}]}}