{"id":295508,"date":"2024-05-07T16:26:34","date_gmt":"2024-05-07T19:26:34","guid":{"rendered":"https:\/\/www.livrariarema.com.br\/loja\/produtos\/sem categoria\/ntlh590p4-estudando-com-a-biblia-discipulos\/"},"modified":"2026-03-23T10:42:51","modified_gmt":"2026-03-23T13:42:51","slug":"ntlh590p4-estudando-com-a-biblia-discipulos","status":"publish","type":"product","link":"https:\/\/www.livrariarema.com.br\/loja\/produtos\/livros\/infantil\/ntlh590p4-estudando-com-a-biblia-discipulos\/","title":{"rendered":"Ntlh590p4 &#8211; Estudando Com A B\u00edblia &#8211; Disc\u00edpulos"},"content":{"rendered":"<p>Esta cole\u00e7\u00e3o foi desenvolvida especialmente para ensinar os valores da B\u00edblia Sagrada, acompanhando os passos da crian\u00e7a durante todo o Ensino Fundamental.<\/p>\n","protected":false},"excerpt":{"rendered":"<p>Esta cole\u00e7\u00e3o foi desenvolvida especialmente para ensinar os valores da B\u00edblia Sagrada, acompanhando os passos da crian\u00e7a durante todo o&hellip;<\/p>\n","protected":false},"featured_media":306015,"comment_status":"open","ping_status":"closed","template":"","meta":[],"product_cat":[144,134],"product_tag":[],"_links":{"self":[{"href":"https:\/\/www.livrariarema.com.br\/loja\/wp-json\/wp\/v2\/product\/295508"}],"collection":[{"href":"https:\/\/www.livrariarema.com.br\/loja\/wp-json\/wp\/v2\/product"}],"about":[{"href":"https:\/\/www.livrariarema.com.br\/loja\/wp-json\/wp\/v2\/types\/product"}],"replies":[{"embeddable":true,"href":"https:\/\/www.livrariarema.com.br\/loja\/wp-json\/wp\/v2\/comments?post=295508"}],"wp:featuredmedia":[{"embeddable":true,"href":"https:\/\/www.livrariarema.com.br\/loja\/wp-json\/wp\/v2\/media\/306015"}],"wp:attachment":[{"href":"https:\/\/www.livrariarema.com.br\/loja\/wp-json\/wp\/v2\/media?parent=295508"}],"wp:term":[{"taxonomy":"product_cat","embeddable":true,"href":"https:\/\/www.livrariarema.com.br\/loja\/wp-json\/wp\/v2\/product_cat?post=295508"},{"taxonomy":"product_tag","embeddable":true,"href":"https:\/\/www.livrariarema.com.br\/loja\/wp-json\/wp\/v2\/product_tag?post=295508"}],"curies":[{"name":"wp","href":"https:\/\/api.w.org\/{rel}","templated":true}]}}