{"id":295510,"date":"2024-05-07T16:26:45","date_gmt":"2024-05-07T19:26:45","guid":{"rendered":"https:\/\/www.livrariarema.com.br\/loja\/produtos\/sem%20categoria\/ntlh590p3-estudando-com-a-biblia-vida-de-jesus\/"},"modified":"2025-02-24T17:44:36","modified_gmt":"2025-02-24T20:44:36","slug":"ntlh590p3-estudando-com-a-biblia-vida-de-jesus","status":"publish","type":"product","link":"https:\/\/www.livrariarema.com.br\/loja\/produtos\/livros\/infantil\/ntlh590p3-estudando-com-a-biblia-vida-de-jesus\/","title":{"rendered":"Ntlh590p5 &#8211; Estudando Com A B\u00edblia &#8211; Vida De Jesus"},"content":{"rendered":"<p>Esta cole\u00e7\u00e3o foi desenvolvida especialmente para ensinar os valores da B\u00edblia Sagrada, acompanhando os passos da crian\u00e7a durante todo o Ensino Fundamental.<\/p>\n","protected":false},"excerpt":{"rendered":"<p>Esta cole\u00e7\u00e3o foi desenvolvida especialmente para ensinar os valores da B\u00edblia Sagrada, acompanhando os passos da crian\u00e7a durante todo o&hellip;<\/p>\n","protected":false},"featured_media":326384,"comment_status":"open","ping_status":"closed","template":"","meta":[],"product_cat":[144,134],"product_tag":[],"_links":{"self":[{"href":"https:\/\/www.livrariarema.com.br\/loja\/wp-json\/wp\/v2\/product\/295510"}],"collection":[{"href":"https:\/\/www.livrariarema.com.br\/loja\/wp-json\/wp\/v2\/product"}],"about":[{"href":"https:\/\/www.livrariarema.com.br\/loja\/wp-json\/wp\/v2\/types\/product"}],"replies":[{"embeddable":true,"href":"https:\/\/www.livrariarema.com.br\/loja\/wp-json\/wp\/v2\/comments?post=295510"}],"wp:featuredmedia":[{"embeddable":true,"href":"https:\/\/www.livrariarema.com.br\/loja\/wp-json\/wp\/v2\/media\/326384"}],"wp:attachment":[{"href":"https:\/\/www.livrariarema.com.br\/loja\/wp-json\/wp\/v2\/media?parent=295510"}],"wp:term":[{"taxonomy":"product_cat","embeddable":true,"href":"https:\/\/www.livrariarema.com.br\/loja\/wp-json\/wp\/v2\/product_cat?post=295510"},{"taxonomy":"product_tag","embeddable":true,"href":"https:\/\/www.livrariarema.com.br\/loja\/wp-json\/wp\/v2\/product_tag?post=295510"}],"curies":[{"name":"wp","href":"https:\/\/api.w.org\/{rel}","templated":true}]}}